{"id":698,"date":"2017-09-16T10:25:36","date_gmt":"2017-09-16T08:25:36","guid":{"rendered":"https:\/\/fogalrefrigeration.com\/?page_id=698\/"},"modified":"2018-02-21T14:23:21","modified_gmt":"2018-02-21T13:23:21","slug":"unternehmen","status":"publish","type":"page","link":"https:\/\/fogalrefrigeration.com\/de\/unternehmen\/","title":{"rendered":"Unternehmen"},"content":{"rendered":"<p><img loading=\"lazy\" decoding=\"async\" class=\"wp-image-2566 size-full alignleft\" src=\"https:\/\/fogalrefrigeration.com\/wp-content\/uploads\/2018\/01\/FOGAL-1.jpg\" alt=\"\" width=\"1400\" height=\"1091\" srcset=\"https:\/\/fogalrefrigeration.com\/wp-content\/uploads\/2018\/01\/FOGAL-1.jpg 1400w, https:\/\/fogalrefrigeration.com\/wp-content\/uploads\/2018\/01\/FOGAL-1-300x234.jpg 300w, https:\/\/fogalrefrigeration.com\/wp-content\/uploads\/2018\/01\/FOGAL-1-768x598.jpg 768w, https:\/\/fogalrefrigeration.com\/wp-content\/uploads\/2018\/01\/FOGAL-1-1024x798.jpg 1024w, https:\/\/fogalrefrigeration.com\/wp-content\/uploads\/2018\/01\/FOGAL-1-220x171.jpg 220w, https:\/\/fogalrefrigeration.com\/wp-content\/uploads\/2018\/01\/FOGAL-1-187x146.jpg 187w, https:\/\/fogalrefrigeration.com\/wp-content\/uploads\/2018\/01\/FOGAL-1-453x353.jpg 453w\" sizes=\"auto, (max-width: 1400px) 100vw, 1400px\" \/><\/p>\n<p>Es sind schon <strong><em><span style=\"font-size: 14pt;\">50 Jahre<\/span><\/em><\/strong> vergangen seit dem Herr Alfredo zusammen mit seinen Br\u00fcdern die Firma Fogal gr\u00fcndete. Damals eine kleine Firma, die in der M\u00f6belbranche t\u00e4tig war.<br \/>\nAls Familienbetrieb geboren, haben wir jedoch im Laufe der Jahre viele Erfahrungen sammeln k\u00f6nnen, die uns dazu gebracht haben, ein Unternehmen zu leiten, das auf internationaler Ebene aktiv ist (bis heute erreicht der Export 97% des Umsatzes) und von den meisten Marken im Food Bereich gesch\u00e4tzt wird.<\/p>\n<p>&nbsp;<\/p>\n<p>Obwohl sich Strukturen, Technologien und Menschen seit 1967 ver\u00e4ndert haben, sind wir fest davon \u00fcberzeugt, dass es uns gelungen ist, die handwerkliche und produktionstechnische Flexibilit\u00e4t, die aus der Familientradition des Unternehmens kommen, zu behalten.<br \/>\nDaneben aber unterst\u00fctzen wir die Forschung f\u00fcr eine st\u00e4ndige technologische Entwicklung des Produktes, durch den Einsatz eines Testraums der neuesten Generation um somit unsere K\u00fchlregale testen zu k\u00f6nnen.<br \/>\nZu den j\u00fcngsten Errungenschaften geh\u00f6rt die Verwendung eines nat\u00fcrlichen K\u00e4ltemittels, das keine Auswirkungen auf die globale Erw\u00e4rmung hat, die Einf\u00fchrung einer automatischen Sanit\u00e4reinrichtung durch aktiven Sauerstoff und die Entwicklung eines Warmhalteregals.<\/p>\n<p>&nbsp;<\/p>\n<p>Im Hinblick auf eine konstante Verbesserung und Verfeinerung des Produktionsprozesses, legen wir sehr viel Wert auf die Zusammenarbeit zwischen der Verkaufsabteilung, der Technik und der Produktionsabteilung. Unser Team besteht aus 45 jungen Leuten, die Tag bei Tag aktiv zur Erreichung der Unternehmensziele beitragen.<\/p>\n<p>&nbsp;<\/p>\n<p>Unsere St\u00e4rke st\u00fctzt sich auf die erhebliche Personalisierungsf\u00e4higkeit unsere K\u00fchlregale. Das aktuelle Sortiment unserer Produkte ist in der Tat umfangreich, diversifiziert und anpassbar. Dies gibt uns die M\u00f6glichkeit, die Bed\u00fcrfnisse der Kunden zu erf\u00fcllen und ein spezifisches Produkt zu schaffen, das der einzelnen Einrichtungen angepasst werden kann.<br \/>\nCustom \u2013 made ist unsere Unternehmensphilosophie. Der Kunde ist f\u00fcr uns nicht nur ein Bezugspunkt f\u00fcr unser Unternehmen, sondern auch eine Ressource, die uns zu neuen L\u00f6sungen und Ideen f\u00fchren kann.<\/p>\n","protected":false},"excerpt":{"rendered":"<p>Es sind schon 50 Jahre vergangen seit dem Herr Alfredo zusammen mit seinen Br\u00fcdern die Firma Fogal gr\u00fcndete. Damals eine kleine Firma, die in der M\u00f6belbranche t\u00e4tig war. Als Familienbetrieb geboren, haben wir jedoch im Laufe der Jahre viele Erfahrungen sammeln k\u00f6nnen, die uns dazu gebracht haben, ein Unternehmen zu leiten, das auf internationaler Ebene [&hellip;]<\/p>\n","protected":false},"author":2,"featured_media":0,"parent":0,"menu_order":0,"comment_status":"closed","ping_status":"closed","template":"page-full.php","meta":{"ngg_post_thumbnail":0,"footnotes":""},"class_list":["post-698","page","type-page","status-publish","hentry"],"yoast_head":"<!-- This site is optimized with the Yoast SEO plugin v27.3 - https:\/\/yoast.com\/product\/yoast-seo-wordpress\/ -->\n<title>Unternehmen - fogal refrigeration<\/title>\n<meta name=\"robots\" content=\"index, follow, max-snippet:-1, max-image-preview:large, max-video-preview:-1\" \/>\n<link rel=\"canonical\" href=\"https:\/\/fogalrefrigeration.com\/de\/unternehmen\/\" \/>\n<meta property=\"og:locale\" content=\"de_DE\" \/>\n<meta property=\"og:type\" content=\"article\" \/>\n<meta property=\"og:title\" content=\"Unternehmen - fogal refrigeration\" \/>\n<meta property=\"og:description\" content=\"Es sind schon 50 Jahre vergangen seit dem Herr Alfredo zusammen mit seinen Br\u00fcdern die Firma Fogal gr\u00fcndete. Damals eine kleine Firma, die in der M\u00f6belbranche t\u00e4tig war. Als Familienbetrieb geboren, haben wir jedoch im Laufe der Jahre viele Erfahrungen sammeln k\u00f6nnen, die uns dazu gebracht haben, ein Unternehmen zu leiten, das auf internationaler Ebene [&hellip;]\" \/>\n<meta property=\"og:url\" content=\"https:\/\/fogalrefrigeration.com\/de\/unternehmen\/\" \/>\n<meta property=\"og:site_name\" content=\"fogal refrigeration\" \/>\n<meta property=\"article:modified_time\" content=\"2018-02-21T13:23:21+00:00\" \/>\n<meta property=\"og:image\" content=\"https:\/\/fogalrefrigeration.com\/wp-content\/uploads\/2018\/01\/FOGAL-1.jpg\" \/>\n<meta name=\"twitter:card\" content=\"summary_large_image\" \/>\n<meta name=\"twitter:label1\" content=\"Gesch\u00e4tzte Lesezeit\" \/>\n\t<meta name=\"twitter:data1\" content=\"2 minutes\" \/>\n<script type=\"application\/ld+json\" class=\"yoast-schema-graph\">{\"@context\":\"https:\\\/\\\/schema.org\",\"@graph\":[{\"@type\":\"WebPage\",\"@id\":\"https:\\\/\\\/fogalrefrigeration.com\\\/de\\\/unternehmen\\\/\",\"url\":\"https:\\\/\\\/fogalrefrigeration.com\\\/de\\\/unternehmen\\\/\",\"name\":\"Unternehmen - fogal refrigeration\",\"isPartOf\":{\"@id\":\"https:\\\/\\\/fogalrefrigeration.com\\\/de\\\/#website\"},\"primaryImageOfPage\":{\"@id\":\"https:\\\/\\\/fogalrefrigeration.com\\\/de\\\/unternehmen\\\/#primaryimage\"},\"image\":{\"@id\":\"https:\\\/\\\/fogalrefrigeration.com\\\/de\\\/unternehmen\\\/#primaryimage\"},\"thumbnailUrl\":\"https:\\\/\\\/fogalrefrigeration.com\\\/wp-content\\\/uploads\\\/2018\\\/01\\\/FOGAL-1.jpg\",\"datePublished\":\"2017-09-16T08:25:36+00:00\",\"dateModified\":\"2018-02-21T13:23:21+00:00\",\"breadcrumb\":{\"@id\":\"https:\\\/\\\/fogalrefrigeration.com\\\/de\\\/unternehmen\\\/#breadcrumb\"},\"inLanguage\":\"de-DE\",\"potentialAction\":[{\"@type\":\"ReadAction\",\"target\":[\"https:\\\/\\\/fogalrefrigeration.com\\\/de\\\/unternehmen\\\/\"]}]},{\"@type\":\"ImageObject\",\"inLanguage\":\"de-DE\",\"@id\":\"https:\\\/\\\/fogalrefrigeration.com\\\/de\\\/unternehmen\\\/#primaryimage\",\"url\":\"https:\\\/\\\/fogalrefrigeration.com\\\/wp-content\\\/uploads\\\/2018\\\/01\\\/FOGAL-1.jpg\",\"contentUrl\":\"https:\\\/\\\/fogalrefrigeration.com\\\/wp-content\\\/uploads\\\/2018\\\/01\\\/FOGAL-1.jpg\"},{\"@type\":\"BreadcrumbList\",\"@id\":\"https:\\\/\\\/fogalrefrigeration.com\\\/de\\\/unternehmen\\\/#breadcrumb\",\"itemListElement\":[{\"@type\":\"ListItem\",\"position\":1,\"name\":\"Home\",\"item\":\"https:\\\/\\\/fogalrefrigeration.com\\\/de\\\/\"},{\"@type\":\"ListItem\",\"position\":2,\"name\":\"Unternehmen\"}]},{\"@type\":\"WebSite\",\"@id\":\"https:\\\/\\\/fogalrefrigeration.com\\\/de\\\/#website\",\"url\":\"https:\\\/\\\/fogalrefrigeration.com\\\/de\\\/\",\"name\":\"fogal refrigeration\",\"description\":\"cool ideas to keep it fresh and warm\",\"potentialAction\":[{\"@type\":\"SearchAction\",\"target\":{\"@type\":\"EntryPoint\",\"urlTemplate\":\"https:\\\/\\\/fogalrefrigeration.com\\\/de\\\/?s={search_term_string}\"},\"query-input\":{\"@type\":\"PropertyValueSpecification\",\"valueRequired\":true,\"valueName\":\"search_term_string\"}}],\"inLanguage\":\"de-DE\"}]}<\/script>\n<!-- \/ Yoast SEO plugin. -->","yoast_head_json":{"title":"Unternehmen - fogal refrigeration","robots":{"index":"index","follow":"follow","max-snippet":"max-snippet:-1","max-image-preview":"max-image-preview:large","max-video-preview":"max-video-preview:-1"},"canonical":"https:\/\/fogalrefrigeration.com\/de\/unternehmen\/","og_locale":"de_DE","og_type":"article","og_title":"Unternehmen - fogal refrigeration","og_description":"Es sind schon 50 Jahre vergangen seit dem Herr Alfredo zusammen mit seinen Br\u00fcdern die Firma Fogal gr\u00fcndete. Damals eine kleine Firma, die in der M\u00f6belbranche t\u00e4tig war. Als Familienbetrieb geboren, haben wir jedoch im Laufe der Jahre viele Erfahrungen sammeln k\u00f6nnen, die uns dazu gebracht haben, ein Unternehmen zu leiten, das auf internationaler Ebene [&hellip;]","og_url":"https:\/\/fogalrefrigeration.com\/de\/unternehmen\/","og_site_name":"fogal refrigeration","article_modified_time":"2018-02-21T13:23:21+00:00","og_image":[{"url":"https:\/\/fogalrefrigeration.com\/wp-content\/uploads\/2018\/01\/FOGAL-1.jpg","type":"","width":"","height":""}],"twitter_card":"summary_large_image","twitter_misc":{"Gesch\u00e4tzte Lesezeit":"2 minutes"},"schema":{"@context":"https:\/\/schema.org","@graph":[{"@type":"WebPage","@id":"https:\/\/fogalrefrigeration.com\/de\/unternehmen\/","url":"https:\/\/fogalrefrigeration.com\/de\/unternehmen\/","name":"Unternehmen - fogal refrigeration","isPartOf":{"@id":"https:\/\/fogalrefrigeration.com\/de\/#website"},"primaryImageOfPage":{"@id":"https:\/\/fogalrefrigeration.com\/de\/unternehmen\/#primaryimage"},"image":{"@id":"https:\/\/fogalrefrigeration.com\/de\/unternehmen\/#primaryimage"},"thumbnailUrl":"https:\/\/fogalrefrigeration.com\/wp-content\/uploads\/2018\/01\/FOGAL-1.jpg","datePublished":"2017-09-16T08:25:36+00:00","dateModified":"2018-02-21T13:23:21+00:00","breadcrumb":{"@id":"https:\/\/fogalrefrigeration.com\/de\/unternehmen\/#breadcrumb"},"inLanguage":"de-DE","potentialAction":[{"@type":"ReadAction","target":["https:\/\/fogalrefrigeration.com\/de\/unternehmen\/"]}]},{"@type":"ImageObject","inLanguage":"de-DE","@id":"https:\/\/fogalrefrigeration.com\/de\/unternehmen\/#primaryimage","url":"https:\/\/fogalrefrigeration.com\/wp-content\/uploads\/2018\/01\/FOGAL-1.jpg","contentUrl":"https:\/\/fogalrefrigeration.com\/wp-content\/uploads\/2018\/01\/FOGAL-1.jpg"},{"@type":"BreadcrumbList","@id":"https:\/\/fogalrefrigeration.com\/de\/unternehmen\/#breadcrumb","itemListElement":[{"@type":"ListItem","position":1,"name":"Home","item":"https:\/\/fogalrefrigeration.com\/de\/"},{"@type":"ListItem","position":2,"name":"Unternehmen"}]},{"@type":"WebSite","@id":"https:\/\/fogalrefrigeration.com\/de\/#website","url":"https:\/\/fogalrefrigeration.com\/de\/","name":"fogal refrigeration","description":"cool ideas to keep it fresh and warm","potentialAction":[{"@type":"SearchAction","target":{"@type":"EntryPoint","urlTemplate":"https:\/\/fogalrefrigeration.com\/de\/?s={search_term_string}"},"query-input":{"@type":"PropertyValueSpecification","valueRequired":true,"valueName":"search_term_string"}}],"inLanguage":"de-DE"}]}},"_links":{"self":[{"href":"https:\/\/fogalrefrigeration.com\/de\/wp-json\/wp\/v2\/pages\/698","targetHints":{"allow":["GET"]}}],"collection":[{"href":"https:\/\/fogalrefrigeration.com\/de\/wp-json\/wp\/v2\/pages"}],"about":[{"href":"https:\/\/fogalrefrigeration.com\/de\/wp-json\/wp\/v2\/types\/page"}],"author":[{"embeddable":true,"href":"https:\/\/fogalrefrigeration.com\/de\/wp-json\/wp\/v2\/users\/2"}],"replies":[{"embeddable":true,"href":"https:\/\/fogalrefrigeration.com\/de\/wp-json\/wp\/v2\/comments?post=698"}],"version-history":[{"count":5,"href":"https:\/\/fogalrefrigeration.com\/de\/wp-json\/wp\/v2\/pages\/698\/revisions"}],"predecessor-version":[{"id":3902,"href":"https:\/\/fogalrefrigeration.com\/de\/wp-json\/wp\/v2\/pages\/698\/revisions\/3902"}],"wp:attachment":[{"href":"https:\/\/fogalrefrigeration.com\/de\/wp-json\/wp\/v2\/media?parent=698"}],"curies":[{"name":"wp","href":"https:\/\/api.w.org\/{rel}","templated":true}]}}