{"id":8543,"date":"2022-05-17T11:52:41","date_gmt":"2022-05-17T09:52:41","guid":{"rendered":"https:\/\/fogalrefrigeration.com\/area-distributori\/"},"modified":"2024-04-04T09:58:39","modified_gmt":"2024-04-04T07:58:39","slug":"wiederverkaeufern","status":"publish","type":"page","link":"https:\/\/fogalrefrigeration.com\/de\/wiederverkaeufern\/","title":{"rendered":"Wiederverk\u00e4ufern"},"content":{"rendered":"<p><img loading=\"lazy\" decoding=\"async\" class=\"alignleft wp-image-9762 size-full\" src=\"https:\/\/fogalrefrigeration.com\/wp-content\/uploads\/2024\/03\/europa_2.png\" alt=\"\" width=\"2255\" height=\"2684\" srcset=\"https:\/\/fogalrefrigeration.com\/wp-content\/uploads\/2024\/03\/europa_2.png 2255w, https:\/\/fogalrefrigeration.com\/wp-content\/uploads\/2024\/03\/europa_2-252x300.png 252w, https:\/\/fogalrefrigeration.com\/wp-content\/uploads\/2024\/03\/europa_2-860x1024.png 860w, https:\/\/fogalrefrigeration.com\/wp-content\/uploads\/2024\/03\/europa_2-768x914.png 768w, https:\/\/fogalrefrigeration.com\/wp-content\/uploads\/2024\/03\/europa_2-1290x1536.png 1290w, https:\/\/fogalrefrigeration.com\/wp-content\/uploads\/2024\/03\/europa_2-1721x2048.png 1721w, https:\/\/fogalrefrigeration.com\/wp-content\/uploads\/2024\/03\/europa_2-220x262.png 220w, https:\/\/fogalrefrigeration.com\/wp-content\/uploads\/2024\/03\/europa_2-187x223.png 187w, https:\/\/fogalrefrigeration.com\/wp-content\/uploads\/2024\/03\/europa_2-453x539.png 453w\" sizes=\"auto, (max-width: 2255px) 100vw, 2255px\" \/><\/p>\n<p>&nbsp;<\/p>\n<p>Seit \u00fcber 30 Jahren sind wir im B2B-Bereich, durch Handelsvereinbarungen mit Wiederverk\u00e4ufern und Gro\u00dfh\u00e4ndlern auch mit Exklusivit\u00e4tsvereinbarungen, t\u00e4tig.<\/p>\n<p>Wir stellen <strong>K\u00fchlregale f\u00fcr die Lebensmittelindustrie<\/strong> her und bieten ein <strong>\u201eMade in Italy\u201c<\/strong> Produkt an, das bis ins kleinste Detail individuell angepasst werden kann. Dank der Vielfalt an Zubeh\u00f6r, Beschichtungen, Materialien und Gr\u00f6\u00dfen k\u00f6nnen wir ein ma\u00dfgeschneidertes K\u00fchlregal erstelle, das sich perfekt f\u00fcr jeden Ausstellungsbereich eignet.<\/p>\n<p>Wir arbeiten nach geografischen Gebieten. Jedes Gebiet stellt f\u00fcr uns ein grundlegendes Verm\u00f6gen dar, das uns erm\u00f6glicht, Markttrends kennenzulernen und eine internationale und globale Vision zu haben.<\/p>\n<p>Seit jeher investieren wir in Ressourcen und Aufmerksamkeit in die Beziehung zu unseren Handelspartnern. Dank der Erfahrung dieser Jahre haben wir solide, \u00fcber zehn Jahre andauernde Beziehungen zu unseren Hauptpartnern aufgebaut, die auf <strong>Klarheit, Vertrauen und Ergebnissen basieren.<\/strong><\/p>\n<p>&nbsp;<\/p>\n<p>&nbsp;<\/p>\n<h2><img loading=\"lazy\" decoding=\"async\" class=\"alignleft wp-image-9818 size-full\" src=\"https:\/\/fogalrefrigeration.com\/wp-content\/uploads\/2024\/03\/esperienza-360-gradi_D-1-e1711541575746.png\" alt=\"\" width=\"2255\" height=\"274\" srcset=\"https:\/\/fogalrefrigeration.com\/wp-content\/uploads\/2024\/03\/esperienza-360-gradi_D-1-e1711541575746.png 2255w, https:\/\/fogalrefrigeration.com\/wp-content\/uploads\/2024\/03\/esperienza-360-gradi_D-1-e1711541575746-300x36.png 300w, https:\/\/fogalrefrigeration.com\/wp-content\/uploads\/2024\/03\/esperienza-360-gradi_D-1-e1711541575746-1024x124.png 1024w, https:\/\/fogalrefrigeration.com\/wp-content\/uploads\/2024\/03\/esperienza-360-gradi_D-1-e1711541575746-768x93.png 768w, https:\/\/fogalrefrigeration.com\/wp-content\/uploads\/2024\/03\/esperienza-360-gradi_D-1-e1711541575746-1536x187.png 1536w, https:\/\/fogalrefrigeration.com\/wp-content\/uploads\/2024\/03\/esperienza-360-gradi_D-1-e1711541575746-2048x249.png 2048w, https:\/\/fogalrefrigeration.com\/wp-content\/uploads\/2024\/03\/esperienza-360-gradi_D-1-e1711541575746-220x27.png 220w, https:\/\/fogalrefrigeration.com\/wp-content\/uploads\/2024\/03\/esperienza-360-gradi_D-1-e1711541575746-187x23.png 187w, https:\/\/fogalrefrigeration.com\/wp-content\/uploads\/2024\/03\/esperienza-360-gradi_D-1-e1711541575746-453x55.png 453w\" sizes=\"auto, (max-width: 2255px) 100vw, 2255px\" \/><\/h2>\n<h2>&nbsp;<\/h2>\n<p>&nbsp;<\/p>\n<ul>\n<li>Unterst\u00fctzung in der Planung (wir helfen Sie den richtigen K\u00fchler f\u00fcr jede Location)<\/li>\n<li>Hilfe bei der Ausstattung der Produkte<\/li>\n<li>Personalisierte K\u00fchlregale, um den Kunden und den Marktbed\u00fcrfnissen entgegenzukommen<\/li>\n<li>Technisches Training f\u00fcr Verkaufspersonal und Sachbearbeiter<\/li>\n<li>Unterst\u00fctzung bei Marketingaktivit\u00e4ten und<\/li>\n<li>Unterst\u00fctzung f\u00fcr Marketing- und Promotionsaktivit\u00e4ten<\/li>\n<li>Customer service<\/li>\n<li>Technische Unterst\u00fctzung<\/li>\n<\/ul>\n<p>&nbsp;<\/p>\n<p><a href=\"https:\/\/fogalrefrigeration.com\/de\/konfigurator\/\"><img loading=\"lazy\" decoding=\"async\" class=\"size-full wp-image-9841 aligncenter\" src=\"https:\/\/fogalrefrigeration.com\/wp-content\/uploads\/2024\/04\/logo-configuratore-D.png\" alt=\"\" width=\"720\" height=\"171\" srcset=\"https:\/\/fogalrefrigeration.com\/wp-content\/uploads\/2024\/04\/logo-configuratore-D.png 720w, https:\/\/fogalrefrigeration.com\/wp-content\/uploads\/2024\/04\/logo-configuratore-D-300x71.png 300w, https:\/\/fogalrefrigeration.com\/wp-content\/uploads\/2024\/04\/logo-configuratore-D-220x52.png 220w, https:\/\/fogalrefrigeration.com\/wp-content\/uploads\/2024\/04\/logo-configuratore-D-187x44.png 187w, https:\/\/fogalrefrigeration.com\/wp-content\/uploads\/2024\/04\/logo-configuratore-D-453x108.png 453w\" sizes=\"auto, (max-width: 720px) 100vw, 720px\" \/><\/a><\/p>\n<p>&nbsp;<\/p>\n<p>&nbsp;<\/p>\n<p>&nbsp;<\/p>\n<p>&nbsp;<\/p>\n<p style=\"text-align: center;\"><iframe loading=\"lazy\" title=\"YouTube video player\" src=\"https:\/\/www.youtube-nocookie.com\/embed\/yQ5SAcDkeCI\" width=\"560\" height=\"315\" frameborder=\"0\" allowfullscreen=\"allowfullscreen\"><\/iframe><\/p>\n<p>&nbsp;<\/p>\n<p style=\"text-align: center;\"><a href=\"mailto:marketing@fogalrefrigeration.com\"><img loading=\"lazy\" decoding=\"async\" class=\"aligncenter size-thumbnail wp-image-8473\" src=\"https:\/\/fogalrefrigeration.com\/wp-content\/uploads\/2022\/06\/icona-scrivici-150x150.png\" alt=\"\" width=\"150\" height=\"150\" srcset=\"https:\/\/fogalrefrigeration.com\/wp-content\/uploads\/2022\/06\/icona-scrivici-150x150.png 150w, https:\/\/fogalrefrigeration.com\/wp-content\/uploads\/2022\/06\/icona-scrivici-220x220.png 220w, https:\/\/fogalrefrigeration.com\/wp-content\/uploads\/2022\/06\/icona-scrivici-75x75.png 75w, https:\/\/fogalrefrigeration.com\/wp-content\/uploads\/2022\/06\/icona-scrivici-187x187.png 187w, https:\/\/fogalrefrigeration.com\/wp-content\/uploads\/2022\/06\/icona-scrivici-184x184.png 184w, https:\/\/fogalrefrigeration.com\/wp-content\/uploads\/2022\/06\/icona-scrivici.png 300w\" sizes=\"auto, (max-width: 150px) 100vw, 150px\" \/><\/a><a href=\"mailto:marketing@fogalrefrigeration.com\"><b>Schreiben uns marketing@fogalrefrigeration.com<\/b><\/a><\/p>\n<p>&nbsp;<\/p>\n","protected":false},"excerpt":{"rendered":"<p>&nbsp; Seit \u00fcber 30 Jahren sind wir im B2B-Bereich, durch Handelsvereinbarungen mit Wiederverk\u00e4ufern und Gro\u00dfh\u00e4ndlern auch mit Exklusivit\u00e4tsvereinbarungen, t\u00e4tig. Wir stellen K\u00fchlregale f\u00fcr die Lebensmittelindustrie her und bieten ein \u201eMade in Italy\u201c Produkt an, das bis ins kleinste Detail individuell angepasst werden kann. Dank der Vielfalt an Zubeh\u00f6r, Beschichtungen, Materialien und Gr\u00f6\u00dfen k\u00f6nnen wir ein [&hellip;]<\/p>\n","protected":false},"author":2,"featured_media":0,"parent":0,"menu_order":0,"comment_status":"closed","ping_status":"closed","template":"page-full.php","meta":{"ngg_post_thumbnail":0,"footnotes":""},"class_list":["post-8543","page","type-page","status-publish","hentry"],"yoast_head":"<!-- This site is optimized with the Yoast SEO plugin v27.3 - https:\/\/yoast.com\/product\/yoast-seo-wordpress\/ -->\n<title>Wiederverk\u00e4ufern - fogal refrigeration<\/title>\n<meta name=\"description\" content=\"Seit \u00fcber 30 Jahren sind wir im B2B-Bereich, durch Handelsvereinbarungen mit Wiederverk\u00e4ufern und Gro\u00dfh\u00e4ndlern auch mit Exklusivit\u00e4tsvereinbarungen, t\u00e4tig.\" \/>\n<meta name=\"robots\" content=\"index, follow, max-snippet:-1, max-image-preview:large, max-video-preview:-1\" \/>\n<link rel=\"canonical\" href=\"https:\/\/fogalrefrigeration.com\/de\/wiederverkaeufern\/\" \/>\n<meta property=\"og:locale\" content=\"de_DE\" \/>\n<meta property=\"og:type\" content=\"article\" \/>\n<meta property=\"og:title\" content=\"Wiederverk\u00e4ufern - fogal refrigeration\" \/>\n<meta property=\"og:description\" content=\"Seit \u00fcber 30 Jahren sind wir im B2B-Bereich, durch Handelsvereinbarungen mit Wiederverk\u00e4ufern und Gro\u00dfh\u00e4ndlern auch mit Exklusivit\u00e4tsvereinbarungen, t\u00e4tig.\" \/>\n<meta property=\"og:url\" content=\"https:\/\/fogalrefrigeration.com\/de\/wiederverkaeufern\/\" \/>\n<meta property=\"og:site_name\" content=\"fogal refrigeration\" \/>\n<meta property=\"article:modified_time\" content=\"2024-04-04T07:58:39+00:00\" \/>\n<meta property=\"og:image\" content=\"https:\/\/fogalrefrigeration.com\/wp-content\/uploads\/2024\/03\/europa_2.png\" \/>\n<meta name=\"twitter:card\" content=\"summary_large_image\" \/>\n<meta name=\"twitter:label1\" content=\"Gesch\u00e4tzte Lesezeit\" \/>\n\t<meta name=\"twitter:data1\" content=\"2 minutes\" \/>\n<script type=\"application\/ld+json\" class=\"yoast-schema-graph\">{\"@context\":\"https:\\\/\\\/schema.org\",\"@graph\":[{\"@type\":\"WebPage\",\"@id\":\"https:\\\/\\\/fogalrefrigeration.com\\\/de\\\/wiederverkaeufern\\\/\",\"url\":\"https:\\\/\\\/fogalrefrigeration.com\\\/de\\\/wiederverkaeufern\\\/\",\"name\":\"Wiederverk\u00e4ufern - fogal refrigeration\",\"isPartOf\":{\"@id\":\"https:\\\/\\\/fogalrefrigeration.com\\\/de\\\/#website\"},\"primaryImageOfPage\":{\"@id\":\"https:\\\/\\\/fogalrefrigeration.com\\\/de\\\/wiederverkaeufern\\\/#primaryimage\"},\"image\":{\"@id\":\"https:\\\/\\\/fogalrefrigeration.com\\\/de\\\/wiederverkaeufern\\\/#primaryimage\"},\"thumbnailUrl\":\"https:\\\/\\\/fogalrefrigeration.com\\\/wp-content\\\/uploads\\\/2024\\\/03\\\/europa_2.png\",\"datePublished\":\"2022-05-17T09:52:41+00:00\",\"dateModified\":\"2024-04-04T07:58:39+00:00\",\"description\":\"Seit \u00fcber 30 Jahren sind wir im B2B-Bereich, durch Handelsvereinbarungen mit Wiederverk\u00e4ufern und Gro\u00dfh\u00e4ndlern auch mit Exklusivit\u00e4tsvereinbarungen, t\u00e4tig.\",\"breadcrumb\":{\"@id\":\"https:\\\/\\\/fogalrefrigeration.com\\\/de\\\/wiederverkaeufern\\\/#breadcrumb\"},\"inLanguage\":\"de-DE\",\"potentialAction\":[{\"@type\":\"ReadAction\",\"target\":[\"https:\\\/\\\/fogalrefrigeration.com\\\/de\\\/wiederverkaeufern\\\/\"]}]},{\"@type\":\"ImageObject\",\"inLanguage\":\"de-DE\",\"@id\":\"https:\\\/\\\/fogalrefrigeration.com\\\/de\\\/wiederverkaeufern\\\/#primaryimage\",\"url\":\"https:\\\/\\\/fogalrefrigeration.com\\\/wp-content\\\/uploads\\\/2024\\\/03\\\/europa_2.png\",\"contentUrl\":\"https:\\\/\\\/fogalrefrigeration.com\\\/wp-content\\\/uploads\\\/2024\\\/03\\\/europa_2.png\"},{\"@type\":\"BreadcrumbList\",\"@id\":\"https:\\\/\\\/fogalrefrigeration.com\\\/de\\\/wiederverkaeufern\\\/#breadcrumb\",\"itemListElement\":[{\"@type\":\"ListItem\",\"position\":1,\"name\":\"Home\",\"item\":\"https:\\\/\\\/fogalrefrigeration.com\\\/de\\\/\"},{\"@type\":\"ListItem\",\"position\":2,\"name\":\"Wiederverk\u00e4ufern\"}]},{\"@type\":\"WebSite\",\"@id\":\"https:\\\/\\\/fogalrefrigeration.com\\\/de\\\/#website\",\"url\":\"https:\\\/\\\/fogalrefrigeration.com\\\/de\\\/\",\"name\":\"fogal refrigeration\",\"description\":\"cool ideas to keep it fresh and warm\",\"potentialAction\":[{\"@type\":\"SearchAction\",\"target\":{\"@type\":\"EntryPoint\",\"urlTemplate\":\"https:\\\/\\\/fogalrefrigeration.com\\\/de\\\/?s={search_term_string}\"},\"query-input\":{\"@type\":\"PropertyValueSpecification\",\"valueRequired\":true,\"valueName\":\"search_term_string\"}}],\"inLanguage\":\"de-DE\"}]}<\/script>\n<!-- \/ Yoast SEO plugin. -->","yoast_head_json":{"title":"Wiederverk\u00e4ufern - fogal refrigeration","description":"Seit \u00fcber 30 Jahren sind wir im B2B-Bereich, durch Handelsvereinbarungen mit Wiederverk\u00e4ufern und Gro\u00dfh\u00e4ndlern auch mit Exklusivit\u00e4tsvereinbarungen, t\u00e4tig.","robots":{"index":"index","follow":"follow","max-snippet":"max-snippet:-1","max-image-preview":"max-image-preview:large","max-video-preview":"max-video-preview:-1"},"canonical":"https:\/\/fogalrefrigeration.com\/de\/wiederverkaeufern\/","og_locale":"de_DE","og_type":"article","og_title":"Wiederverk\u00e4ufern - fogal refrigeration","og_description":"Seit \u00fcber 30 Jahren sind wir im B2B-Bereich, durch Handelsvereinbarungen mit Wiederverk\u00e4ufern und Gro\u00dfh\u00e4ndlern auch mit Exklusivit\u00e4tsvereinbarungen, t\u00e4tig.","og_url":"https:\/\/fogalrefrigeration.com\/de\/wiederverkaeufern\/","og_site_name":"fogal refrigeration","article_modified_time":"2024-04-04T07:58:39+00:00","og_image":[{"url":"https:\/\/fogalrefrigeration.com\/wp-content\/uploads\/2024\/03\/europa_2.png","type":"","width":"","height":""}],"twitter_card":"summary_large_image","twitter_misc":{"Gesch\u00e4tzte Lesezeit":"2 minutes"},"schema":{"@context":"https:\/\/schema.org","@graph":[{"@type":"WebPage","@id":"https:\/\/fogalrefrigeration.com\/de\/wiederverkaeufern\/","url":"https:\/\/fogalrefrigeration.com\/de\/wiederverkaeufern\/","name":"Wiederverk\u00e4ufern - fogal refrigeration","isPartOf":{"@id":"https:\/\/fogalrefrigeration.com\/de\/#website"},"primaryImageOfPage":{"@id":"https:\/\/fogalrefrigeration.com\/de\/wiederverkaeufern\/#primaryimage"},"image":{"@id":"https:\/\/fogalrefrigeration.com\/de\/wiederverkaeufern\/#primaryimage"},"thumbnailUrl":"https:\/\/fogalrefrigeration.com\/wp-content\/uploads\/2024\/03\/europa_2.png","datePublished":"2022-05-17T09:52:41+00:00","dateModified":"2024-04-04T07:58:39+00:00","description":"Seit \u00fcber 30 Jahren sind wir im B2B-Bereich, durch Handelsvereinbarungen mit Wiederverk\u00e4ufern und Gro\u00dfh\u00e4ndlern auch mit Exklusivit\u00e4tsvereinbarungen, t\u00e4tig.","breadcrumb":{"@id":"https:\/\/fogalrefrigeration.com\/de\/wiederverkaeufern\/#breadcrumb"},"inLanguage":"de-DE","potentialAction":[{"@type":"ReadAction","target":["https:\/\/fogalrefrigeration.com\/de\/wiederverkaeufern\/"]}]},{"@type":"ImageObject","inLanguage":"de-DE","@id":"https:\/\/fogalrefrigeration.com\/de\/wiederverkaeufern\/#primaryimage","url":"https:\/\/fogalrefrigeration.com\/wp-content\/uploads\/2024\/03\/europa_2.png","contentUrl":"https:\/\/fogalrefrigeration.com\/wp-content\/uploads\/2024\/03\/europa_2.png"},{"@type":"BreadcrumbList","@id":"https:\/\/fogalrefrigeration.com\/de\/wiederverkaeufern\/#breadcrumb","itemListElement":[{"@type":"ListItem","position":1,"name":"Home","item":"https:\/\/fogalrefrigeration.com\/de\/"},{"@type":"ListItem","position":2,"name":"Wiederverk\u00e4ufern"}]},{"@type":"WebSite","@id":"https:\/\/fogalrefrigeration.com\/de\/#website","url":"https:\/\/fogalrefrigeration.com\/de\/","name":"fogal refrigeration","description":"cool ideas to keep it fresh and warm","potentialAction":[{"@type":"SearchAction","target":{"@type":"EntryPoint","urlTemplate":"https:\/\/fogalrefrigeration.com\/de\/?s={search_term_string}"},"query-input":{"@type":"PropertyValueSpecification","valueRequired":true,"valueName":"search_term_string"}}],"inLanguage":"de-DE"}]}},"_links":{"self":[{"href":"https:\/\/fogalrefrigeration.com\/de\/wp-json\/wp\/v2\/pages\/8543","targetHints":{"allow":["GET"]}}],"collection":[{"href":"https:\/\/fogalrefrigeration.com\/de\/wp-json\/wp\/v2\/pages"}],"about":[{"href":"https:\/\/fogalrefrigeration.com\/de\/wp-json\/wp\/v2\/types\/page"}],"author":[{"embeddable":true,"href":"https:\/\/fogalrefrigeration.com\/de\/wp-json\/wp\/v2\/users\/2"}],"replies":[{"embeddable":true,"href":"https:\/\/fogalrefrigeration.com\/de\/wp-json\/wp\/v2\/comments?post=8543"}],"version-history":[{"count":8,"href":"https:\/\/fogalrefrigeration.com\/de\/wp-json\/wp\/v2\/pages\/8543\/revisions"}],"predecessor-version":[{"id":9844,"href":"https:\/\/fogalrefrigeration.com\/de\/wp-json\/wp\/v2\/pages\/8543\/revisions\/9844"}],"wp:attachment":[{"href":"https:\/\/fogalrefrigeration.com\/de\/wp-json\/wp\/v2\/media?parent=8543"}],"curies":[{"name":"wp","href":"https:\/\/api.w.org\/{rel}","templated":true}]}}