{"id":917,"date":"2017-09-15T07:39:09","date_gmt":"2017-09-15T05:39:09","guid":{"rendered":"https:\/\/fogalrefrigeration.com\/?page_id=917\/"},"modified":"2024-01-12T14:31:59","modified_gmt":"2024-01-12T13:31:59","slug":"verkaufsbedingungen","status":"publish","type":"page","link":"https:\/\/fogalrefrigeration.com\/de\/verkaufsbedingungen\/","title":{"rendered":"Verkaufsbedingungen"},"content":{"rendered":"<p>Revision 1 \u2013 2023 (29.11.2023)<\/p>\n<p>&nbsp;<\/p>\n<p><strong>1.Pr\u00e4ambel<br \/>\n<\/strong><em>a. <\/em>Diese allgemeinen Gesch\u00e4ftsbedingungen regeln, sofern nicht ausdr\u00fccklich schriftlich etwas anderes vereinbart wird, alle gegenw\u00e4rtigen und zuk\u00fcnftigen Kaufvertr\u00e4ge zwischen den Parteien.<br \/>\n<em>b.&nbsp;<\/em>Unbeschadet der ausdr\u00fccklich zwischen den Parteien getroffenen Vereinbarungen unterliegen die vorliegenden allgemeinen Gesch\u00e4ftsbedingungen italienischem Recht, mit Verweis auf und unter Anwendung, soweit vereinbar, der Gemeinschaftsvorschriften f\u00fcr Verk\u00e4ufe innerhalb der Gemeinschaft (EU-Verordnung 1215\/2012), der internationalen Konventionen (Wiener \u00dcbereinkommen von 1980) f\u00fcr Verk\u00e4ufe au\u00dferhalb der EG.Im Falle eines Widerspruchs zwischen den geltenden Vorschriften ist das italienische Recht ma\u00dfgebend. Im Falle eines Widerspruchs zwischen den geltenden Vorschriften ist das italienische Recht ma\u00dfgebend.<\/p>\n<p><strong><br \/>\n2. Bildung und Abschluss des Vertrags<br \/>\n<\/strong><em>a.<\/em>Der Vertrag kommt an dem Ort und zu dem Zeitpunkt zustande, an dem der Verk\u00e4ufer von der Bestellung des K\u00e4ufers Kenntnis erh\u00e4lt, die dieser gem\u00e4\u00df dem Angebot des Verk\u00e4ufers aufgegeben hat.<br \/>\n<em>b.<\/em>Die Annahme des vom Verk\u00e4ufer gemachten Angebots, die der K\u00e4ufer durch das Absenden des Auftrags erkl\u00e4rt, ist unwiderruflich.<\/p>\n<p><strong>&nbsp;<\/strong><\/p>\n<p><strong>3. Beschreibungen der Waren<br \/>\n<\/strong><em>a.<\/em>Jegliche technische und kaufm\u00e4nnische Information \u00fcber Gewicht, Ausma\u00df, Kapazit\u00e4t, Preise, Leistungen, die in Katalogen, Prospekten, Werbematerial, Abbildungen und Preislisten angegeben sind, und generell alle weiteren Beschreibungen der Ware, verstehen sich als Richtwert und sind f\u00fcr den Verk\u00e4ufer nur dann bindend, wenn dies im Vertrag ausdr\u00fccklich vereinbart wird.<br \/>\n<em>b.<\/em>Der Verk\u00e4ufer beh\u00e4lt sich vor, zweckm\u00e4\u00dfig erscheinende \u00c4nderungen an den Produkten vornehmen zu k\u00f6nnen, ohne jedoch deren Eigenschaften zu \u00e4ndern.<\/p>\n<p><strong><br \/>\n4. Preise und Zahlungsbedingungen<br \/>\n<\/strong><em>a.&nbsp;<\/em>Die in der Bestellung angegebenen Preise sind Festpreise und f\u00fcr die gesamte Dauer der Lieferung unver\u00e4nderlich.<br \/>\nb. Die in der Bestellung angegebenen Preise k\u00f6nnen jedoch infolge von Erh\u00f6hungen der Rohstoff- und\/oder Energiekosten von mehr als 10% erh\u00f6ht werden.<br \/>\nc. Die Zahlungen sind gem\u00e4\u00df den im Vertrag festgelegten Bedingungen zu leisten. Rundungen oder Abz\u00fcge, aus welchen Gr\u00fcnden auch immer, sind ausdr\u00fccklich ausgeschlossen.<br \/>\n<em>d.<\/em>F\u00fcr den Fall von Zahlungsverzug, sei es auch nur eine Frist oder eine Zahlung, und ganz allgemein f\u00fcr den Fall eines Vertragsbruchs durch den K\u00e4ufer beh\u00e4lt sich der Verk\u00e4ufer das Recht vor, die Lieferung der Waren und weitere Lieferungen auszusetzen.<br \/>\n<em>e.&nbsp;<\/em>Jeder Zahlungsverzug hat die Erhebung von Verzugszinsen zu dem in Artikel 5 der Gesetzesverordnung Nr. 231\/02 (Richtlinie 2000\/35\/EG) angegebenen Satz zur Folge, der dem halbj\u00e4hrlichen Zinssatz der ECB zuz\u00fcglich sieben Prozentpunkten entspricht.<\/p>\n<p><strong><br \/>\n5. Lieferung der Ware<br \/>\n<\/strong><em>a.<\/em>Die Lieferfristen der Ware verstehen sich als Richtwert und sind nicht verbindlich.<br \/>\n<em>b.<\/em>Die Warensendungen verstehen sich ab Werk Fogal Refrigeration Srl (Via F.lli Tambarin Nr.1, Ronchi dei Legionari\/Go und Via Tambarin n. 26\/b),), auch wenn vereinbart ist, dass die Versendung ganz (oder ein Teil davon) vom Verk\u00e4ufer durchgef\u00fchrt wird.<br \/>\n<em>c.<\/em>&nbsp;Die eventuelle Transportversicherung der Ware muss ausdr\u00fccklich verlangt werden und die diesbez\u00fcglichen Kosten gehen zu Lasten des K\u00e4ufers.<br \/>\n<em>d.<\/em>&nbsp;Die mit dem Transport der Waren verbundenen Risiken gehen ausschlie\u00dflich zu Lasten des K\u00e4ufers, unabh\u00e4ngig von der Art und Weise und dem Weg der Waren.<br \/>\n<em>e.<\/em>&nbsp;Der K\u00e4ufer ist verpflichtet, die vom Verk\u00e4ufer gelieferte Ware abzunehmen. Bei einer versp\u00e4teten Warenabnahme seitens des K\u00e4ufers, ist der Verk\u00e4ufer berechtigt, diese in einem daf\u00fcr vorgesehenen Lager zu deponieren. Die Kosten f\u00fcr die Einlagerung der Ware und f\u00fcr die Aufbewahrung gehen zu Lasten des Verk\u00e4ufers. Die Einlagerung der Ware entspricht der \u00dcbergabe an den K\u00e4ufer und hat den \u00dcbergang der damit verbundenen Gefahr auf den K\u00e4ufer zur Folge.<br \/>\n<em>f. <\/em>Der K\u00e4ufer ist verpflichtet, die Ware vor der \u00dcbernahme durch den Spediteur genau zu pr\u00fcfen und dem Spediteur etwaige Verluste oder Besch\u00e4digungen unverz\u00fcglich mitzuteilen und auf dem Lieferschein zu vermerken.<br \/>\n<em>g.<\/em>&nbsp;Beanstandungen, die sich auf den Zustand der Verpackung, die Menge, die Anzahl oder die \u00e4u\u00dferen Merkmale der Produkte (offensichtliche M\u00e4ngel) beziehen, m\u00fcssen dem Verk\u00e4ufer unter Androhung der Verwirkung innerhalb von sieben Tagen nach Erhalt der Ware und unter Androhung der Verj\u00e4hrung sp\u00e4testens vierundzwanzig Monate nach der Lieferung schriftlich mitgeteilt werden, wobei die beanstandeten M\u00e4ngel und Abweichungen genau anzugeben sind.<br \/>\n<em>h.&nbsp;<\/em>Beanstandungen von M\u00e4ngeln, die bei sorgf\u00e4ltiger Pr\u00fcfung nach Erhalt nicht entdeckt werden konnten (versteckte M\u00e4ngel), m\u00fcssen dem Verk\u00e4ufer unter Androhung der Verwirkung innerhalb von sieben Tagen nach Entdeckung des Mangels, sp\u00e4testens jedoch zw\u00f6lf Monate nach Lieferung, schriftlich unter genauer Angabe der beanstandeten M\u00e4ngel und Abweichungen mitgeteilt werden. In diesem Fall ist der K\u00e4ufer verpflichtet, die Verpackung aufzubewahren und den Spediteur unverz\u00fcglich zu benachrichtigen, damit er die Kontrolle vornimmt.<br \/>\n<em>i.<\/em>&nbsp;Erfolgt keine rechtzeitige Beanstandung, so gilt die Ware als angenommen und der Bestellung entsprechend.<br \/>\n<em>j.&nbsp;<\/em>Die Meldung von Beanstandungen berechtigt den K\u00e4ufer nicht dazu, die Zahlung der beanstandeten Waren oder sonstigen Lieferungen auszusetzen oder anderweitig zu verz\u00f6gern.<br \/>\n<em>k.<\/em>&nbsp;Die Abnahme der Ware durch den K\u00e4ufer (oder seinen Beauftragten) beim Verk\u00e4ufer setzt die Annahme der Ware voraus und beinhaltet den Verzicht auf jegliche Anfechtungen und Forderungen gegen\u00fcber dem Verk\u00e4ufer.<\/p>\n<p><strong><br \/>\n6. Hindernisse f\u00fcr die ordnungsgem\u00e4\u00dfe Erf\u00fcllung des Vertrags<br \/>\n<\/strong><em>a. <\/em>Der Verk\u00e4ufer ist berechtigt, die Erbringung seiner Leistungen zu verz\u00f6gern oder auszusetzen, wenn Ereignisse eintreten, auf die er keinen Einfluss hat, wie z. B. Streiks, Boykotte, Aussperrungen, Br\u00e4nde, Kriege (ob erkl\u00e4rt oder nicht), B\u00fcrgerkriege, Aufst\u00e4nde und Revolutionen, Beschlagnahmungen, Embargos, gesundheitliche Notf\u00e4lle oder Pandemien, Stromausf\u00e4lle, Lieferverz\u00f6gerungen oder Nichtverf\u00fcgbarkeit von Bauteilen oder Rohstoffen oder Handlungen oder Unterlassungen des K\u00e4ufers (z. B. die Nichtbereitstellung von f\u00fcr die Lieferung der Produkte erforderlichen Informationen).<br \/>\n<em>b. <\/em>Im Falle einer solchen Nichtverf\u00fcgbarkeit kann der Verk\u00e4ufer das nicht verf\u00fcgbare Material rechtm\u00e4\u00dfig durch Material gleicher Qualit\u00e4t, Herkunft und Haltbarkeit ersetzen. Diese Bedingung k\u00f6nnte dazu f\u00fchren, dass eine optionale Anforderung wie die Kennzeichnung durch Dritte nicht erf\u00fcllt wird.<\/p>\n<p><strong><br \/>\n7. Entw\u00fcrfe, Unterlagen und technische Informationen des Verk\u00e4ufers<br \/>\n<\/strong><em>a.<\/em>Alle Zeichnungen, Dokumente, technischen Informationen oder Software, die der K\u00e4ufer im Zusammenhang mit dem Vertrag erhalten hat und die sich auf die Eigenschaften, die Herstellung und die Montage der Waren beziehen, bleiben ausschlie\u00dfliches Eigentum des Verk\u00e4ufers.<br \/>\n<em>b.&nbsp;<\/em>Es ist dem K\u00e4ufer ausdr\u00fccklich untersagt, ohne die ausdr\u00fcckliche schriftliche Zustimmung des Verk\u00e4ufers die Zeichnungen, Dokumente, Software und allgemein alle anderen technischen Informationen, die die Waren des Verk\u00e4ufers betreffen, weiterzugeben, f\u00fcr Zwecke zu nutzen, die nichts mit dem mit dem Verk\u00e4ufer geschlossenen Vertrag zu tun haben, zu kopieren, zu vervielf\u00e4ltigen, zu \u00fcbertragen oder an Dritte weiterzugeben.<\/p>\n<p><strong><br \/>\n8. Eigentums\u00fcbergang und Eigentumsvorbehalt<br \/>\n<\/strong><em>a.<\/em>Die Waren gehen mit der \u00dcbergabe an den Frachtf\u00fchrer in das Eigentum des K\u00e4ufers \u00fcber.<br \/>\n<em>b.&nbsp;<\/em>Bei gestundeten Zahlungen oder Zahlungen, die zum Zeitpunkt der Lieferung noch nicht abgeschlossen sind, bleiben die Vertragsgegenst\u00e4nde bis zur vollst\u00e4ndigen Bezahlung Eigentum des Verk\u00e4ufers.<br \/>\n<em>c.&nbsp;<\/em>In solchen F\u00e4llen verpflichtet sich der K\u00e4ufer, die notwendigen Schritte zu unternehmen, um in dem Land, in dem sich die Ware befindet, einen g\u00fcltigen Eigentumsvorbehalt zugunsten des Verk\u00e4ufers zu begr\u00fcnden. Der Verk\u00e4ufer ist erm\u00e4chtigt, auf Kosten des K\u00e4ufers alle Formalit\u00e4ten zu erf\u00fcllen, die erforderlich sind, um den Eigentumsvorbehalt gegen\u00fcber Dritten durchsetzbar zu machen, einschlie\u00dflich seiner Registrierung bei der zust\u00e4ndigen Beh\u00f6rde des Landes des K\u00e4ufers.<br \/>\n<em>d.<\/em>Der K\u00e4ufer hat dar\u00fcber hinaus die Verpflichtung mit dem Verk\u00e4ufer im Hinblick auf die Vorbereitung und Durchf\u00fchrung der zum Schutz des Eigentumsrechts des Verk\u00e4ufers notwendigen Ma\u00dfnahmen zusammenzuarbeiten. In diesen F\u00e4llen darf der K\u00e4ufer die gekaufte Ware nicht weiterverkaufen, abtreten oder verpf\u00e4nden, ohne zuvor den Preis vollst\u00e4ndig an den Verk\u00e4ufer gezahlt zu haben.<br \/>\n<em>e.&nbsp;<\/em>Bei Nichteinhaltung eines der oben genannten Vorg\u00e4nge hat der K\u00e4ufer den Verk\u00e4ufer f\u00fcr den entstandenen Schaden zu entsch\u00e4digen.<\/p>\n<p><strong><br \/>\n9. Garantie des Verk\u00e4ufers<br \/>\n<\/strong>a. Der Verk\u00e4ufer garantiert die \u00dcbereinstimmung der gelieferten Waren mit den ausdr\u00fccklich getroffenen Vereinbarungen. Die Garantie f\u00fcr M\u00e4ngel gilt nur f\u00fcr Defekte am Produkt, die auf dem Verk\u00e4ufer zuzuschreibende Planungs-, Material- oder Konstruktionsfehler zur\u00fcckzuf\u00fchren sind, und verf\u00e4llt, wenn der K\u00e4ufer nicht in der Lage ist, die korrekte Verwendung, Wartung und Lagerung des Ger\u00e4tes nachzuweisen.<\/p>\n<p><span style=\"color: #808080;\"><em><strong><span style=\"color: #808080;\">Endverbraucher<\/span><br \/>\n<\/strong><\/em><\/span>b. Die Garantie hat f\u00fcr den Endverbraucher eine begrenzte Dauer von vierundzwanzig Monaten (mit der Ausnahme der elektrischen Komponenten) ab dem Datum der Lieferung ab Werk Ronchi die Legionari und ist abh\u00e4ngig von der vorgenommenen vorschriftsm\u00e4\u00dfigen Anzeige seitens des K\u00e4ufers gem\u00e4\u00df Artikel 5, sowie von der ausdr\u00fccklichen schriftlichen Anfrage an den Verk\u00e4ufer eine von der Garantie umfasste Ma\u00dfnahme durchzuf\u00fchren.<br \/>\nc. Bei Erhalt obengenannter Anfrage hat der Verk\u00e4ufer folgende Wahlm\u00f6glichkeiten: a) dem K\u00e4ufer kostenlos ab Werk Ware der gleichen Art und Menge zu liefern, die der mangelhaften oder nicht vertragsgem\u00e4\u00df gelieferten Ware entspricht; b) oder die mangelhafte Ware auf eigene Kosten reparieren oder die Ware, die nicht der im Vertrag angegebenen Eigenschaft der Ware entspricht, ver\u00e4ndern; c) oder den K\u00e4ufer entsch\u00e4digen, indem er ihm einen Betrag \u00fcberweist, der dem Betrag, der f\u00fcr eine Reparatur- oder \u00c4nderung der Ware aufzuwenden w\u00e4re, entspricht; d) oder die Aufl\u00f6sung des Vertrags schriftlich erkl\u00e4ren, indem er die R\u00fcckerstattung des Kaufpreises anbietet &#8211; die R\u00fcckgabe der gelieferten Ware vorausgesetzt.<br \/>\nd. Eine eventuelle Entsch\u00e4digung an den K\u00e4ufer kann aber den Kaufpreis der beanstandeten Ware nicht \u00fcberschreiten.<br \/>\n<em>e.<\/em>Die hier vereinbarte Garantie \u00fcbernimmt und ersetzt die gesetzlichen Garantien f\u00fcr M\u00e4ngel und Abweichungen und schlie\u00dft jede andere m\u00f6gliche Haftung des Verk\u00e4ufers im Zusammenhang mit den gelieferten Waren aus. Nach Ablauf der Garantiezeit k\u00f6nnen keine Anspr\u00fcche gegen den Verk\u00e4ufer geltend gemacht werden.<\/p>\n<p><span style=\"color: #808080;\"><em><strong><span style=\"color: #808080;\">Wiederverk\u00e4ufer, H\u00e4ndler und Firmen<\/span><\/strong><br \/>\n<\/em><\/span>f. Die Garantie bezieht sich nur auf die Lieferung von den Komponenten die sich als defekt erweisen und hat eine Dauer von zw\u00f6lf Monaten ab dem Datum der Lieferung ab Werk Ronchi die Legionari und ist abh\u00e4ngig von der vorgenommenen vorschriftsm\u00e4\u00dfigen Anzeige seitens des K\u00e4ufers gem\u00e4\u00df Artikel 5, sowie von der ausdr\u00fccklichen schriftlichen Anfrage an den Verk\u00e4ufer eine von der Garantie umfasste Ma\u00dfnahme durchzuf\u00fchren.<\/p>\n<p><span style=\"color: #000000;\"><strong>10. Haftung des Herstellers<\/strong><\/span><br \/>\n<em>a.<\/em>Der Verk\u00e4ufer haftet nur bei nachgewiesenem groben Verschulden bei der Herstellung der Ware f\u00fcr Personen- oder Sachsch\u00e4den, die durch die verkaufte Ware verursacht werden. Der Verk\u00e4ufer haftet in keinem Fall f\u00fcr indirekte oder Folgesch\u00e4den, Produktionsausf\u00e4lle oder entgangenen Gewinn.<br \/>\n<em>b.<\/em>Au\u00dfer in den o.g. F\u00e4llen h\u00e4lt der K\u00e4ufer den Verk\u00e4ufer bei allen Klagen Dritter, die sich auf die Haftung f\u00fcr die verkauften Waren st\u00fctzen, schadlos und ersetzt dem Verk\u00e4ufer die Sch\u00e4den, die sich aus solchen Klagen ergeben.<\/p>\n<p><strong><br \/>\n11.Bestimmung der Waren und Haftung des au\u00dfereurop\u00e4ischen Importeurs<br \/>\n<\/strong>Mit dem Einkauf der Ware garantiert der au\u00dfereurop\u00e4ische Importeur den Endbestimmungsort und den zivilen Benutzungszweck der Ware und aller ihrer Bestandteile unter Ausschluss jeglicher Beteiligung an milit\u00e4rischen Aktivit\u00e4ten.<\/p>\n<p><strong><br \/>\n12. Verarbeitung personenbezogener Daten<\/strong><br \/>\nDie vom K\u00e4ufer zur Ausf\u00fchrung des Liefervertrags zur Verf\u00fcgung gestellten personenbezogenen Daten werden vom Verk\u00e4ufer in \u00dcbereinstimmung mit den Bestimmungen der Europ\u00e4ischen Verordnung 2016\/679 (DSGVO), dem neuen Gesetzesdekret 196\/2003 und den nachfolgenden Aktualisierungen, in \u00dcbereinstimmung mit den Angaben in der Datenschutzerkl\u00e4rung verarbeitet. Informationen zur Verarbeitung personenbezogener Daten, die der Verk\u00e4ufer (in seiner Eigenschaft als Datenverantwortlicher) herausgibt, sind auf seiner Website unter www.fogalrefrigeration.com verf\u00fcgbar.<\/p>\n<p><strong><br \/>\n13. mehrstufige Schlichtungs- und Schiedsklausel (Schiedskammer Mailand)<br \/>\n<\/strong><em>a. Die Parteien unterwerfen alle Streitigkeiten vertraglicher oder au\u00dfervertraglicher Art, die sich aus Vertr\u00e4gen ergeben, die unter diese allgemeinen Bedingungen fallen, <\/em>mit ihnen zusammenh\u00e4ngen oder aus ihnen hervorgehen, <em>dem Schlichtungsversuch der Schlichtungsstelle der Schiedskammer von Mailand.<br \/>\n<\/em><em>b. Scheitert der Versuch, so werden die vorgenannten Streitigkeiten durch ein Schiedsverfahren gem\u00e4\u00df der Schiedsgerichtsordnung der Schiedskammer von Mailand mit einem gem\u00e4\u00df dieser Ordnung ernannten Einzelschiedsrichter entschieden.<br \/>\n<\/em>c. Das Verfahren findet in Mailand statt und wird in italienischer Sprache (wenn die Parteien Italiener sind) oder in englischer Sprache (wenn eine Partei aus dem Ausland kommt und die englische Sprache vorzieht) gef\u00fchrt.<\/p>\n<p><strong><br \/>\n14. Schlussbestimmungen<br \/>\n<\/strong>Die italienische Fassung der vorliegenden Bedingungen hat vor den anderen Vorrang.<\/p>\n<p>&nbsp;<\/p>\n","protected":false},"excerpt":{"rendered":"<p>Revision 1 \u2013 2023 (29.11.2023) &nbsp; 1.Pr\u00e4ambel a. Diese allgemeinen Gesch\u00e4ftsbedingungen regeln, sofern nicht ausdr\u00fccklich schriftlich etwas anderes vereinbart wird, alle gegenw\u00e4rtigen und zuk\u00fcnftigen Kaufvertr\u00e4ge zwischen den Parteien. b.&nbsp;Unbeschadet der ausdr\u00fccklich zwischen den Parteien getroffenen Vereinbarungen unterliegen die vorliegenden allgemeinen Gesch\u00e4ftsbedingungen italienischem Recht, mit Verweis auf und unter Anwendung, soweit vereinbar, der Gemeinschaftsvorschriften f\u00fcr Verk\u00e4ufe [&hellip;]<\/p>\n","protected":false},"author":2,"featured_media":0,"parent":0,"menu_order":0,"comment_status":"closed","ping_status":"closed","template":"","meta":{"ngg_post_thumbnail":0,"footnotes":""},"class_list":["post-917","page","type-page","status-publish","hentry"],"yoast_head":"<!-- This site is optimized with the Yoast SEO plugin v27.3 - https:\/\/yoast.com\/product\/yoast-seo-wordpress\/ -->\n<title>Verkaufsbedingungen - fogal refrigeration<\/title>\n<meta name=\"robots\" content=\"index, follow, max-snippet:-1, max-image-preview:large, max-video-preview:-1\" \/>\n<link rel=\"canonical\" href=\"https:\/\/fogalrefrigeration.com\/de\/verkaufsbedingungen\/\" \/>\n<meta property=\"og:locale\" content=\"de_DE\" \/>\n<meta property=\"og:type\" content=\"article\" \/>\n<meta property=\"og:title\" content=\"Verkaufsbedingungen - fogal refrigeration\" \/>\n<meta property=\"og:description\" content=\"Revision 1 \u2013 2023 (29.11.2023) &nbsp; 1.Pr\u00e4ambel a. Diese allgemeinen Gesch\u00e4ftsbedingungen regeln, sofern nicht ausdr\u00fccklich schriftlich etwas anderes vereinbart wird, alle gegenw\u00e4rtigen und zuk\u00fcnftigen Kaufvertr\u00e4ge zwischen den Parteien. b.&nbsp;Unbeschadet der ausdr\u00fccklich zwischen den Parteien getroffenen Vereinbarungen unterliegen die vorliegenden allgemeinen Gesch\u00e4ftsbedingungen italienischem Recht, mit Verweis auf und unter Anwendung, soweit vereinbar, der Gemeinschaftsvorschriften f\u00fcr Verk\u00e4ufe [&hellip;]\" \/>\n<meta property=\"og:url\" content=\"https:\/\/fogalrefrigeration.com\/de\/verkaufsbedingungen\/\" \/>\n<meta property=\"og:site_name\" content=\"fogal refrigeration\" \/>\n<meta property=\"article:modified_time\" content=\"2024-01-12T13:31:59+00:00\" \/>\n<meta name=\"twitter:card\" content=\"summary_large_image\" \/>\n<meta name=\"twitter:label1\" content=\"Gesch\u00e4tzte Lesezeit\" \/>\n\t<meta name=\"twitter:data1\" content=\"10 minutes\" \/>\n<script type=\"application\/ld+json\" class=\"yoast-schema-graph\">{\"@context\":\"https:\\\/\\\/schema.org\",\"@graph\":[{\"@type\":\"WebPage\",\"@id\":\"https:\\\/\\\/fogalrefrigeration.com\\\/de\\\/verkaufsbedingungen\\\/\",\"url\":\"https:\\\/\\\/fogalrefrigeration.com\\\/de\\\/verkaufsbedingungen\\\/\",\"name\":\"Verkaufsbedingungen - fogal refrigeration\",\"isPartOf\":{\"@id\":\"https:\\\/\\\/fogalrefrigeration.com\\\/de\\\/#website\"},\"datePublished\":\"2017-09-15T05:39:09+00:00\",\"dateModified\":\"2024-01-12T13:31:59+00:00\",\"breadcrumb\":{\"@id\":\"https:\\\/\\\/fogalrefrigeration.com\\\/de\\\/verkaufsbedingungen\\\/#breadcrumb\"},\"inLanguage\":\"de-DE\",\"potentialAction\":[{\"@type\":\"ReadAction\",\"target\":[\"https:\\\/\\\/fogalrefrigeration.com\\\/de\\\/verkaufsbedingungen\\\/\"]}]},{\"@type\":\"BreadcrumbList\",\"@id\":\"https:\\\/\\\/fogalrefrigeration.com\\\/de\\\/verkaufsbedingungen\\\/#breadcrumb\",\"itemListElement\":[{\"@type\":\"ListItem\",\"position\":1,\"name\":\"Home\",\"item\":\"https:\\\/\\\/fogalrefrigeration.com\\\/de\\\/\"},{\"@type\":\"ListItem\",\"position\":2,\"name\":\"Verkaufsbedingungen\"}]},{\"@type\":\"WebSite\",\"@id\":\"https:\\\/\\\/fogalrefrigeration.com\\\/de\\\/#website\",\"url\":\"https:\\\/\\\/fogalrefrigeration.com\\\/de\\\/\",\"name\":\"fogal refrigeration\",\"description\":\"cool ideas to keep it fresh and warm\",\"potentialAction\":[{\"@type\":\"SearchAction\",\"target\":{\"@type\":\"EntryPoint\",\"urlTemplate\":\"https:\\\/\\\/fogalrefrigeration.com\\\/de\\\/?s={search_term_string}\"},\"query-input\":{\"@type\":\"PropertyValueSpecification\",\"valueRequired\":true,\"valueName\":\"search_term_string\"}}],\"inLanguage\":\"de-DE\"}]}<\/script>\n<!-- \/ Yoast SEO plugin. -->","yoast_head_json":{"title":"Verkaufsbedingungen - fogal refrigeration","robots":{"index":"index","follow":"follow","max-snippet":"max-snippet:-1","max-image-preview":"max-image-preview:large","max-video-preview":"max-video-preview:-1"},"canonical":"https:\/\/fogalrefrigeration.com\/de\/verkaufsbedingungen\/","og_locale":"de_DE","og_type":"article","og_title":"Verkaufsbedingungen - fogal refrigeration","og_description":"Revision 1 \u2013 2023 (29.11.2023) &nbsp; 1.Pr\u00e4ambel a. Diese allgemeinen Gesch\u00e4ftsbedingungen regeln, sofern nicht ausdr\u00fccklich schriftlich etwas anderes vereinbart wird, alle gegenw\u00e4rtigen und zuk\u00fcnftigen Kaufvertr\u00e4ge zwischen den Parteien. b.&nbsp;Unbeschadet der ausdr\u00fccklich zwischen den Parteien getroffenen Vereinbarungen unterliegen die vorliegenden allgemeinen Gesch\u00e4ftsbedingungen italienischem Recht, mit Verweis auf und unter Anwendung, soweit vereinbar, der Gemeinschaftsvorschriften f\u00fcr Verk\u00e4ufe [&hellip;]","og_url":"https:\/\/fogalrefrigeration.com\/de\/verkaufsbedingungen\/","og_site_name":"fogal refrigeration","article_modified_time":"2024-01-12T13:31:59+00:00","twitter_card":"summary_large_image","twitter_misc":{"Gesch\u00e4tzte Lesezeit":"10 minutes"},"schema":{"@context":"https:\/\/schema.org","@graph":[{"@type":"WebPage","@id":"https:\/\/fogalrefrigeration.com\/de\/verkaufsbedingungen\/","url":"https:\/\/fogalrefrigeration.com\/de\/verkaufsbedingungen\/","name":"Verkaufsbedingungen - fogal refrigeration","isPartOf":{"@id":"https:\/\/fogalrefrigeration.com\/de\/#website"},"datePublished":"2017-09-15T05:39:09+00:00","dateModified":"2024-01-12T13:31:59+00:00","breadcrumb":{"@id":"https:\/\/fogalrefrigeration.com\/de\/verkaufsbedingungen\/#breadcrumb"},"inLanguage":"de-DE","potentialAction":[{"@type":"ReadAction","target":["https:\/\/fogalrefrigeration.com\/de\/verkaufsbedingungen\/"]}]},{"@type":"BreadcrumbList","@id":"https:\/\/fogalrefrigeration.com\/de\/verkaufsbedingungen\/#breadcrumb","itemListElement":[{"@type":"ListItem","position":1,"name":"Home","item":"https:\/\/fogalrefrigeration.com\/de\/"},{"@type":"ListItem","position":2,"name":"Verkaufsbedingungen"}]},{"@type":"WebSite","@id":"https:\/\/fogalrefrigeration.com\/de\/#website","url":"https:\/\/fogalrefrigeration.com\/de\/","name":"fogal refrigeration","description":"cool ideas to keep it fresh and warm","potentialAction":[{"@type":"SearchAction","target":{"@type":"EntryPoint","urlTemplate":"https:\/\/fogalrefrigeration.com\/de\/?s={search_term_string}"},"query-input":{"@type":"PropertyValueSpecification","valueRequired":true,"valueName":"search_term_string"}}],"inLanguage":"de-DE"}]}},"_links":{"self":[{"href":"https:\/\/fogalrefrigeration.com\/de\/wp-json\/wp\/v2\/pages\/917","targetHints":{"allow":["GET"]}}],"collection":[{"href":"https:\/\/fogalrefrigeration.com\/de\/wp-json\/wp\/v2\/pages"}],"about":[{"href":"https:\/\/fogalrefrigeration.com\/de\/wp-json\/wp\/v2\/types\/page"}],"author":[{"embeddable":true,"href":"https:\/\/fogalrefrigeration.com\/de\/wp-json\/wp\/v2\/users\/2"}],"replies":[{"embeddable":true,"href":"https:\/\/fogalrefrigeration.com\/de\/wp-json\/wp\/v2\/comments?post=917"}],"version-history":[{"count":23,"href":"https:\/\/fogalrefrigeration.com\/de\/wp-json\/wp\/v2\/pages\/917\/revisions"}],"predecessor-version":[{"id":9623,"href":"https:\/\/fogalrefrigeration.com\/de\/wp-json\/wp\/v2\/pages\/917\/revisions\/9623"}],"wp:attachment":[{"href":"https:\/\/fogalrefrigeration.com\/de\/wp-json\/wp\/v2\/media?parent=917"}],"curies":[{"name":"wp","href":"https:\/\/api.w.org\/{rel}","templated":true}]}}