{"id":9830,"date":"2024-04-04T09:26:32","date_gmt":"2024-04-04T07:26:32","guid":{"rendered":"https:\/\/fogalrefrigeration.com\/?page_id=9830"},"modified":"2024-04-04T09:26:32","modified_gmt":"2024-04-04T07:26:32","slug":"konfigurator","status":"publish","type":"page","link":"https:\/\/fogalrefrigeration.com\/de\/konfigurator\/","title":{"rendered":"KONFIGURATOR"},"content":{"rendered":"<p><video poster=\"https:\/\/fogalrefrigeration.com\/wp-content\/uploads\/2024\/02\/cover.png\" controls=\"controls\" width=\"720\" height=\"360\"><source src=\"https:\/\/fogalrefrigeration.com\/wp-content\/uploads\/2024\/02\/video_configuratore.mp4\" type=\"video\/mp4\"><\/video><\/p>\n<p>&nbsp;<\/p>\n<h2>PERSONALISIERUNG<\/h2>\n<p>Loggen Sie sich in unseren Konfigurator ein und gestalten Sie Ihr Wandk\u00fchlregal individuell, indem Sie Eigenschaften, Farben und Zubeh\u00f6re ausw\u00e4hlen.<br \/>\nHier k\u00f6nnen Sie alle Produkte unseres Sortiments sehen, sie nach Ihren W\u00fcnschen gestalten und in wenigen Minuten ein Bild in hoher Qualit\u00e4t herunterladen.<br \/>\nVon den Gr\u00f6\u00dfen bis zu den Farben, von den Verkleidungen bis zu den Sonderausstattungen &#8211; unser Konfigurator gibt Ihnen M\u00f6glichkeiten, um Ihre Produkte optimal zu gestalten. W\u00e4hlen Sie die Eigenschaften aus und vervollst\u00e4ndigen Sie Ihr Wandk\u00fchlregal: Sie erhalten in wenigen Minuten einen detaillierten und vollst\u00e4ndigen Kostenvoranschlag, der den Handelsvereinbarungen mit Fogal unterliegt. Sie k\u00f6nnen das Angebot auch mit Ihrem Logo versehen und es sofort an Ihren Kunden senden.<\/p>\n<p>&nbsp;<\/p>\n<h2>SCHNELLE UND INTUITIVE BENUTZERERFAHRUNG<\/h2>\n<p>Mit nur wenigen Klicks k\u00f6nnen Sie das perfekte Wandk\u00fchlregal erstellen und genau sehen, was f\u00fcr Ihr Installationsort besser ist.<br \/>\nUnsere Plattform ist so eingestellt, dass sie intuitiv und einfach zu bedienen ist. Mit nur wenigen Klicks k\u00f6nnen Sie durch die verf\u00fcgbaren Optionen navigieren und sofort sehen, wie sich jede \u00c4nderung auf das endg\u00fcltige Design auswirkt.<\/p>\n<p>&nbsp;<\/p>\n<p>Senden Sie uns eine E-Mail an <a href=\"mailto:marketing@fogalrefrigeration.com\">marketing@fogalrefrigeration.com<\/a> und beginnen Sie jetzt mit unserem Konfigurator zu arbeiten!<\/p>\n<p>&nbsp;<\/p>\n<p><img loading=\"lazy\" decoding=\"async\" class=\"aligncenter size-full wp-image-9717\" src=\"https:\/\/fogalrefrigeration.com\/wp-content\/uploads\/2024\/02\/schermata_configuratore_web.jpg\" alt=\"\" width=\"1024\" height=\"681\" srcset=\"https:\/\/fogalrefrigeration.com\/wp-content\/uploads\/2024\/02\/schermata_configuratore_web.jpg 1024w, https:\/\/fogalrefrigeration.com\/wp-content\/uploads\/2024\/02\/schermata_configuratore_web-300x200.jpg 300w, https:\/\/fogalrefrigeration.com\/wp-content\/uploads\/2024\/02\/schermata_configuratore_web-768x511.jpg 768w, https:\/\/fogalrefrigeration.com\/wp-content\/uploads\/2024\/02\/schermata_configuratore_web-220x146.jpg 220w, https:\/\/fogalrefrigeration.com\/wp-content\/uploads\/2024\/02\/schermata_configuratore_web-187x124.jpg 187w, https:\/\/fogalrefrigeration.com\/wp-content\/uploads\/2024\/02\/schermata_configuratore_web-453x301.jpg 453w, https:\/\/fogalrefrigeration.com\/wp-content\/uploads\/2024\/02\/schermata_configuratore_web-140x94.jpg 140w\" sizes=\"auto, (max-width: 1024px) 100vw, 1024px\" \/><\/p>\n","protected":false},"excerpt":{"rendered":"<p>&nbsp; PERSONALISIERUNG Loggen Sie sich in unseren Konfigurator ein und gestalten Sie Ihr Wandk\u00fchlregal individuell, indem Sie Eigenschaften, Farben und Zubeh\u00f6re ausw\u00e4hlen. Hier k\u00f6nnen Sie alle Produkte unseres Sortiments sehen, sie nach Ihren W\u00fcnschen gestalten und in wenigen Minuten ein Bild in hoher Qualit\u00e4t herunterladen. Von den Gr\u00f6\u00dfen bis zu den Farben, von den Verkleidungen [&hellip;]<\/p>\n","protected":false},"author":1,"featured_media":0,"parent":0,"menu_order":0,"comment_status":"closed","ping_status":"closed","template":"page-full.php","meta":{"ngg_post_thumbnail":0,"footnotes":""},"class_list":["post-9830","page","type-page","status-publish","hentry"],"yoast_head":"<!-- This site is optimized with the Yoast SEO plugin v27.3 - https:\/\/yoast.com\/product\/yoast-seo-wordpress\/ -->\n<title>KONFIGURATOR - fogal refrigeration<\/title>\n<meta name=\"robots\" content=\"index, follow, max-snippet:-1, max-image-preview:large, max-video-preview:-1\" \/>\n<link rel=\"canonical\" href=\"https:\/\/fogalrefrigeration.com\/de\/konfigurator\/\" \/>\n<meta property=\"og:locale\" content=\"de_DE\" \/>\n<meta property=\"og:type\" content=\"article\" \/>\n<meta property=\"og:title\" content=\"KONFIGURATOR - fogal refrigeration\" \/>\n<meta property=\"og:description\" content=\"&nbsp; PERSONALISIERUNG Loggen Sie sich in unseren Konfigurator ein und gestalten Sie Ihr Wandk\u00fchlregal individuell, indem Sie Eigenschaften, Farben und Zubeh\u00f6re ausw\u00e4hlen. Hier k\u00f6nnen Sie alle Produkte unseres Sortiments sehen, sie nach Ihren W\u00fcnschen gestalten und in wenigen Minuten ein Bild in hoher Qualit\u00e4t herunterladen. Von den Gr\u00f6\u00dfen bis zu den Farben, von den Verkleidungen [&hellip;]\" \/>\n<meta property=\"og:url\" content=\"https:\/\/fogalrefrigeration.com\/de\/konfigurator\/\" \/>\n<meta property=\"og:site_name\" content=\"fogal refrigeration\" \/>\n<meta property=\"og:image\" content=\"https:\/\/fogalrefrigeration.com\/wp-content\/uploads\/2024\/02\/schermata_configuratore_web.jpg\" \/>\n<meta name=\"twitter:card\" content=\"summary_large_image\" \/>\n<meta name=\"twitter:label1\" content=\"Gesch\u00e4tzte Lesezeit\" \/>\n\t<meta name=\"twitter:data1\" content=\"2 minutes\" \/>\n<script type=\"application\/ld+json\" class=\"yoast-schema-graph\">{\"@context\":\"https:\\\/\\\/schema.org\",\"@graph\":[{\"@type\":\"WebPage\",\"@id\":\"https:\\\/\\\/fogalrefrigeration.com\\\/de\\\/konfigurator\\\/\",\"url\":\"https:\\\/\\\/fogalrefrigeration.com\\\/de\\\/konfigurator\\\/\",\"name\":\"KONFIGURATOR - fogal refrigeration\",\"isPartOf\":{\"@id\":\"https:\\\/\\\/fogalrefrigeration.com\\\/de\\\/#website\"},\"primaryImageOfPage\":{\"@id\":\"https:\\\/\\\/fogalrefrigeration.com\\\/de\\\/konfigurator\\\/#primaryimage\"},\"image\":{\"@id\":\"https:\\\/\\\/fogalrefrigeration.com\\\/de\\\/konfigurator\\\/#primaryimage\"},\"thumbnailUrl\":\"https:\\\/\\\/fogalrefrigeration.com\\\/wp-content\\\/uploads\\\/2024\\\/02\\\/schermata_configuratore_web.jpg\",\"datePublished\":\"2024-04-04T07:26:32+00:00\",\"breadcrumb\":{\"@id\":\"https:\\\/\\\/fogalrefrigeration.com\\\/de\\\/konfigurator\\\/#breadcrumb\"},\"inLanguage\":\"de-DE\",\"potentialAction\":[{\"@type\":\"ReadAction\",\"target\":[\"https:\\\/\\\/fogalrefrigeration.com\\\/de\\\/konfigurator\\\/\"]}]},{\"@type\":\"ImageObject\",\"inLanguage\":\"de-DE\",\"@id\":\"https:\\\/\\\/fogalrefrigeration.com\\\/de\\\/konfigurator\\\/#primaryimage\",\"url\":\"https:\\\/\\\/fogalrefrigeration.com\\\/wp-content\\\/uploads\\\/2024\\\/02\\\/schermata_configuratore_web.jpg\",\"contentUrl\":\"https:\\\/\\\/fogalrefrigeration.com\\\/wp-content\\\/uploads\\\/2024\\\/02\\\/schermata_configuratore_web.jpg\"},{\"@type\":\"BreadcrumbList\",\"@id\":\"https:\\\/\\\/fogalrefrigeration.com\\\/de\\\/konfigurator\\\/#breadcrumb\",\"itemListElement\":[{\"@type\":\"ListItem\",\"position\":1,\"name\":\"Home\",\"item\":\"https:\\\/\\\/fogalrefrigeration.com\\\/de\\\/\"},{\"@type\":\"ListItem\",\"position\":2,\"name\":\"KONFIGURATOR\"}]},{\"@type\":\"WebSite\",\"@id\":\"https:\\\/\\\/fogalrefrigeration.com\\\/de\\\/#website\",\"url\":\"https:\\\/\\\/fogalrefrigeration.com\\\/de\\\/\",\"name\":\"fogal refrigeration\",\"description\":\"cool ideas to keep it fresh and warm\",\"potentialAction\":[{\"@type\":\"SearchAction\",\"target\":{\"@type\":\"EntryPoint\",\"urlTemplate\":\"https:\\\/\\\/fogalrefrigeration.com\\\/de\\\/?s={search_term_string}\"},\"query-input\":{\"@type\":\"PropertyValueSpecification\",\"valueRequired\":true,\"valueName\":\"search_term_string\"}}],\"inLanguage\":\"de-DE\"}]}<\/script>\n<!-- \/ Yoast SEO plugin. -->","yoast_head_json":{"title":"KONFIGURATOR - fogal refrigeration","robots":{"index":"index","follow":"follow","max-snippet":"max-snippet:-1","max-image-preview":"max-image-preview:large","max-video-preview":"max-video-preview:-1"},"canonical":"https:\/\/fogalrefrigeration.com\/de\/konfigurator\/","og_locale":"de_DE","og_type":"article","og_title":"KONFIGURATOR - fogal refrigeration","og_description":"&nbsp; PERSONALISIERUNG Loggen Sie sich in unseren Konfigurator ein und gestalten Sie Ihr Wandk\u00fchlregal individuell, indem Sie Eigenschaften, Farben und Zubeh\u00f6re ausw\u00e4hlen. Hier k\u00f6nnen Sie alle Produkte unseres Sortiments sehen, sie nach Ihren W\u00fcnschen gestalten und in wenigen Minuten ein Bild in hoher Qualit\u00e4t herunterladen. Von den Gr\u00f6\u00dfen bis zu den Farben, von den Verkleidungen [&hellip;]","og_url":"https:\/\/fogalrefrigeration.com\/de\/konfigurator\/","og_site_name":"fogal refrigeration","og_image":[{"url":"https:\/\/fogalrefrigeration.com\/wp-content\/uploads\/2024\/02\/schermata_configuratore_web.jpg","type":"","width":"","height":""}],"twitter_card":"summary_large_image","twitter_misc":{"Gesch\u00e4tzte Lesezeit":"2 minutes"},"schema":{"@context":"https:\/\/schema.org","@graph":[{"@type":"WebPage","@id":"https:\/\/fogalrefrigeration.com\/de\/konfigurator\/","url":"https:\/\/fogalrefrigeration.com\/de\/konfigurator\/","name":"KONFIGURATOR - fogal refrigeration","isPartOf":{"@id":"https:\/\/fogalrefrigeration.com\/de\/#website"},"primaryImageOfPage":{"@id":"https:\/\/fogalrefrigeration.com\/de\/konfigurator\/#primaryimage"},"image":{"@id":"https:\/\/fogalrefrigeration.com\/de\/konfigurator\/#primaryimage"},"thumbnailUrl":"https:\/\/fogalrefrigeration.com\/wp-content\/uploads\/2024\/02\/schermata_configuratore_web.jpg","datePublished":"2024-04-04T07:26:32+00:00","breadcrumb":{"@id":"https:\/\/fogalrefrigeration.com\/de\/konfigurator\/#breadcrumb"},"inLanguage":"de-DE","potentialAction":[{"@type":"ReadAction","target":["https:\/\/fogalrefrigeration.com\/de\/konfigurator\/"]}]},{"@type":"ImageObject","inLanguage":"de-DE","@id":"https:\/\/fogalrefrigeration.com\/de\/konfigurator\/#primaryimage","url":"https:\/\/fogalrefrigeration.com\/wp-content\/uploads\/2024\/02\/schermata_configuratore_web.jpg","contentUrl":"https:\/\/fogalrefrigeration.com\/wp-content\/uploads\/2024\/02\/schermata_configuratore_web.jpg"},{"@type":"BreadcrumbList","@id":"https:\/\/fogalrefrigeration.com\/de\/konfigurator\/#breadcrumb","itemListElement":[{"@type":"ListItem","position":1,"name":"Home","item":"https:\/\/fogalrefrigeration.com\/de\/"},{"@type":"ListItem","position":2,"name":"KONFIGURATOR"}]},{"@type":"WebSite","@id":"https:\/\/fogalrefrigeration.com\/de\/#website","url":"https:\/\/fogalrefrigeration.com\/de\/","name":"fogal refrigeration","description":"cool ideas to keep it fresh and warm","potentialAction":[{"@type":"SearchAction","target":{"@type":"EntryPoint","urlTemplate":"https:\/\/fogalrefrigeration.com\/de\/?s={search_term_string}"},"query-input":{"@type":"PropertyValueSpecification","valueRequired":true,"valueName":"search_term_string"}}],"inLanguage":"de-DE"}]}},"_links":{"self":[{"href":"https:\/\/fogalrefrigeration.com\/de\/wp-json\/wp\/v2\/pages\/9830","targetHints":{"allow":["GET"]}}],"collection":[{"href":"https:\/\/fogalrefrigeration.com\/de\/wp-json\/wp\/v2\/pages"}],"about":[{"href":"https:\/\/fogalrefrigeration.com\/de\/wp-json\/wp\/v2\/types\/page"}],"author":[{"embeddable":true,"href":"https:\/\/fogalrefrigeration.com\/de\/wp-json\/wp\/v2\/users\/1"}],"replies":[{"embeddable":true,"href":"https:\/\/fogalrefrigeration.com\/de\/wp-json\/wp\/v2\/comments?post=9830"}],"version-history":[{"count":1,"href":"https:\/\/fogalrefrigeration.com\/de\/wp-json\/wp\/v2\/pages\/9830\/revisions"}],"predecessor-version":[{"id":9831,"href":"https:\/\/fogalrefrigeration.com\/de\/wp-json\/wp\/v2\/pages\/9830\/revisions\/9831"}],"wp:attachment":[{"href":"https:\/\/fogalrefrigeration.com\/de\/wp-json\/wp\/v2\/media?parent=9830"}],"curies":[{"name":"wp","href":"https:\/\/api.w.org\/{rel}","templated":true}]}}