{"id":700,"date":"2017-09-09T20:07:17","date_gmt":"2017-09-09T18:07:17","guid":{"rendered":"https:\/\/fogalrefrigeration.com\/?page_id=700\/"},"modified":"2018-02-21T14:20:58","modified_gmt":"2018-02-21T13:20:58","slug":"societe","status":"publish","type":"page","link":"https:\/\/fogalrefrigeration.com\/fr\/societe\/","title":{"rendered":"Soci\u00e9t\u00e9"},"content":{"rendered":"<p><img loading=\"lazy\" decoding=\"async\" class=\"wp-image-2566 size-full alignleft\" src=\"https:\/\/fogalrefrigeration.com\/wp-content\/uploads\/2018\/01\/FOGAL-1.jpg\" alt=\"\" width=\"1400\" height=\"1091\" srcset=\"https:\/\/fogalrefrigeration.com\/wp-content\/uploads\/2018\/01\/FOGAL-1.jpg 1400w, https:\/\/fogalrefrigeration.com\/wp-content\/uploads\/2018\/01\/FOGAL-1-300x234.jpg 300w, https:\/\/fogalrefrigeration.com\/wp-content\/uploads\/2018\/01\/FOGAL-1-768x598.jpg 768w, https:\/\/fogalrefrigeration.com\/wp-content\/uploads\/2018\/01\/FOGAL-1-1024x798.jpg 1024w, https:\/\/fogalrefrigeration.com\/wp-content\/uploads\/2018\/01\/FOGAL-1-220x171.jpg 220w, https:\/\/fogalrefrigeration.com\/wp-content\/uploads\/2018\/01\/FOGAL-1-187x146.jpg 187w, https:\/\/fogalrefrigeration.com\/wp-content\/uploads\/2018\/01\/FOGAL-1-453x353.jpg 453w\" sizes=\"auto, (max-width: 1400px) 100vw, 1400px\" \/><\/p>\n<p>\u00c7ela fait <em><strong><span style=\"font-size: 14pt;\">cinquante ans<\/span><\/strong><\/em> depuis que Monsieur Alfredo, avec ses fr\u00e8res, a fond\u00e9 l\u2019entreprise Fogal qui \u00e9tait, \u00e0 l\u2019\u00e9poque, une petite soci\u00e9t\u00e9 op\u00e9rante dans le secteur du meuble. N\u00e9s dans un cadre familiale, avec les ann\u00e9es nous avons su acqu\u00e9rir une exp\u00e9rience qui nous a amen\u00e9s \u00e0 g\u00e9rer une entreprise active sur les principaux march\u00e9s internationaux (actuellement, les exportations atteignent 90 % du total des ventes). Cette exp\u00e9rience est appr\u00e9ci\u00e9e par plusieurs firmes du secteur du Food.<\/p>\n<p>&nbsp;<\/p>\n<p>Certes, depuis 1967 les structures, les technologies et le personnel ont chang\u00e9, mais nous pensons que nous sommes parvenus \u00e0 pr\u00e9server une production flexible ainsi qu\u2019un soin artisanal, en ligne avec la tradition familiale de l\u2019entreprise. \u00c0 support de ce soin il y a un engagement continu en faveur de la recherche technologique et du d\u00e9veloppement du produit.&nbsp;\u00c0 ce propos, nous utilisons constamment un laboratoire interne de nouvelle g\u00e9n\u00e9ration pour tester nos vitrines.<br \/>\nParmi les objectifs les plus r\u00e9cents, on peut citer l\u2019utilisation d\u2019un r\u00e9frig\u00e9rant naturel qui n\u2019a pas d\u2019incidence sur le r\u00e9chauffement climatique, l\u2019introduction d\u2019un dispositif de d\u00e9sinfection automatique \u00e0 l\u2019oxyg\u00e8ne actif et la cr\u00e9ation de notre premi\u00e9re vitrine chaude pour l\u2019exposition de la nourriture.<\/p>\n<p>&nbsp;<\/p>\n<p>Dans le but de l\u2019am\u00e9lioration continue et de l\u2019affinement du processus de production, nous faisons toujours tout le possible pour cr\u00e9er une collaboration constante parmi bureau de vente, bureau technique et cha\u00eene de production. Nous pouvons compter sur une jeune \u00e9quipe de 45 personnes (l&rsquo;\u00e2ge moyen est d\u2019environ 40 ans) qui, jour apr\u00e8s jour, contribue activement \u00e0 la r\u00e9alisation des objectifs de l&rsquo;entreprise.<\/p>\n<p>&nbsp;<\/p>\n<p>En quelques mots, notre point fort est l\u2019habilit\u00e9 \u00e0 personnaliser notablement nos vitrines r\u00e9frig\u00e9r\u00e9es. La gamme actuelle de nos produits est vaste, diversifi\u00e9e et customis\u00e9e. Cela nous permet de r\u00e9pondre aux exigences des clients et de cr\u00e9er une vitrine r\u00e9frig\u00e9r\u00e9e sp\u00e9cifique et capable de s\u2019adapter \u00e0 chaque lieu d\u2019installation. Tout cela se r\u00e9sume en une philosophie de la gestion orient\u00e9e ax\u00e9 sur le Custom-Made, une philosophie qui voit le client non seulement comme un point de r\u00e9f\u00e9rence de notre activit\u00e9, mais aussi comme une ressource qui peut nous guider vers des nouvelles solutions et id\u00e9es.<\/p>\n","protected":false},"excerpt":{"rendered":"<p>\u00c7ela fait cinquante ans depuis que Monsieur Alfredo, avec ses fr\u00e8res, a fond\u00e9 l\u2019entreprise Fogal qui \u00e9tait, \u00e0 l\u2019\u00e9poque, une petite soci\u00e9t\u00e9 op\u00e9rante dans le secteur du meuble. N\u00e9s dans un cadre familiale, avec les ann\u00e9es nous avons su acqu\u00e9rir une exp\u00e9rience qui nous a amen\u00e9s \u00e0 g\u00e9rer une entreprise active sur les principaux march\u00e9s [&hellip;]<\/p>\n","protected":false},"author":2,"featured_media":0,"parent":0,"menu_order":0,"comment_status":"closed","ping_status":"closed","template":"page-full.php","meta":{"ngg_post_thumbnail":0,"footnotes":""},"class_list":["post-700","page","type-page","status-publish","hentry"],"yoast_head":"<!-- This site is optimized with the Yoast SEO plugin v27.3 - https:\/\/yoast.com\/product\/yoast-seo-wordpress\/ -->\n<title>Soci\u00e9t\u00e9 - fogal refrigeration<\/title>\n<meta name=\"robots\" content=\"index, follow, max-snippet:-1, max-image-preview:large, max-video-preview:-1\" \/>\n<link rel=\"canonical\" href=\"https:\/\/fogalrefrigeration.com\/fr\/societe\/\" \/>\n<meta property=\"og:locale\" content=\"fr_FR\" \/>\n<meta property=\"og:type\" content=\"article\" \/>\n<meta property=\"og:title\" content=\"Soci\u00e9t\u00e9 - fogal refrigeration\" \/>\n<meta property=\"og:description\" content=\"\u00c7ela fait cinquante ans depuis que Monsieur Alfredo, avec ses fr\u00e8res, a fond\u00e9 l\u2019entreprise Fogal qui \u00e9tait, \u00e0 l\u2019\u00e9poque, une petite soci\u00e9t\u00e9 op\u00e9rante dans le secteur du meuble. N\u00e9s dans un cadre familiale, avec les ann\u00e9es nous avons su acqu\u00e9rir une exp\u00e9rience qui nous a amen\u00e9s \u00e0 g\u00e9rer une entreprise active sur les principaux march\u00e9s [&hellip;]\" \/>\n<meta property=\"og:url\" content=\"https:\/\/fogalrefrigeration.com\/fr\/societe\/\" \/>\n<meta property=\"og:site_name\" content=\"fogal refrigeration\" \/>\n<meta property=\"article:modified_time\" content=\"2018-02-21T13:20:58+00:00\" \/>\n<meta property=\"og:image\" content=\"https:\/\/fogalrefrigeration.com\/wp-content\/uploads\/2018\/01\/FOGAL-1.jpg\" \/>\n<meta name=\"twitter:card\" content=\"summary_large_image\" \/>\n<meta name=\"twitter:label1\" content=\"Dur\u00e9e de lecture estim\u00e9e\" \/>\n\t<meta name=\"twitter:data1\" content=\"2 minutes\" \/>\n<script type=\"application\/ld+json\" class=\"yoast-schema-graph\">{\"@context\":\"https:\\\/\\\/schema.org\",\"@graph\":[{\"@type\":\"WebPage\",\"@id\":\"https:\\\/\\\/fogalrefrigeration.com\\\/fr\\\/societe\\\/\",\"url\":\"https:\\\/\\\/fogalrefrigeration.com\\\/fr\\\/societe\\\/\",\"name\":\"Soci\u00e9t\u00e9 - fogal refrigeration\",\"isPartOf\":{\"@id\":\"https:\\\/\\\/fogalrefrigeration.com\\\/fr\\\/#website\"},\"primaryImageOfPage\":{\"@id\":\"https:\\\/\\\/fogalrefrigeration.com\\\/fr\\\/societe\\\/#primaryimage\"},\"image\":{\"@id\":\"https:\\\/\\\/fogalrefrigeration.com\\\/fr\\\/societe\\\/#primaryimage\"},\"thumbnailUrl\":\"https:\\\/\\\/fogalrefrigeration.com\\\/wp-content\\\/uploads\\\/2018\\\/01\\\/FOGAL-1.jpg\",\"datePublished\":\"2017-09-09T18:07:17+00:00\",\"dateModified\":\"2018-02-21T13:20:58+00:00\",\"breadcrumb\":{\"@id\":\"https:\\\/\\\/fogalrefrigeration.com\\\/fr\\\/societe\\\/#breadcrumb\"},\"inLanguage\":\"fr-FR\",\"potentialAction\":[{\"@type\":\"ReadAction\",\"target\":[\"https:\\\/\\\/fogalrefrigeration.com\\\/fr\\\/societe\\\/\"]}]},{\"@type\":\"ImageObject\",\"inLanguage\":\"fr-FR\",\"@id\":\"https:\\\/\\\/fogalrefrigeration.com\\\/fr\\\/societe\\\/#primaryimage\",\"url\":\"https:\\\/\\\/fogalrefrigeration.com\\\/wp-content\\\/uploads\\\/2018\\\/01\\\/FOGAL-1.jpg\",\"contentUrl\":\"https:\\\/\\\/fogalrefrigeration.com\\\/wp-content\\\/uploads\\\/2018\\\/01\\\/FOGAL-1.jpg\"},{\"@type\":\"BreadcrumbList\",\"@id\":\"https:\\\/\\\/fogalrefrigeration.com\\\/fr\\\/societe\\\/#breadcrumb\",\"itemListElement\":[{\"@type\":\"ListItem\",\"position\":1,\"name\":\"Home\",\"item\":\"https:\\\/\\\/fogalrefrigeration.com\\\/fr\\\/\"},{\"@type\":\"ListItem\",\"position\":2,\"name\":\"Soci\u00e9t\u00e9\"}]},{\"@type\":\"WebSite\",\"@id\":\"https:\\\/\\\/fogalrefrigeration.com\\\/fr\\\/#website\",\"url\":\"https:\\\/\\\/fogalrefrigeration.com\\\/fr\\\/\",\"name\":\"fogal refrigeration\",\"description\":\"cool ideas to keep it fresh and warm\",\"potentialAction\":[{\"@type\":\"SearchAction\",\"target\":{\"@type\":\"EntryPoint\",\"urlTemplate\":\"https:\\\/\\\/fogalrefrigeration.com\\\/fr\\\/?s={search_term_string}\"},\"query-input\":{\"@type\":\"PropertyValueSpecification\",\"valueRequired\":true,\"valueName\":\"search_term_string\"}}],\"inLanguage\":\"fr-FR\"}]}<\/script>\n<!-- \/ Yoast SEO plugin. -->","yoast_head_json":{"title":"Soci\u00e9t\u00e9 - fogal refrigeration","robots":{"index":"index","follow":"follow","max-snippet":"max-snippet:-1","max-image-preview":"max-image-preview:large","max-video-preview":"max-video-preview:-1"},"canonical":"https:\/\/fogalrefrigeration.com\/fr\/societe\/","og_locale":"fr_FR","og_type":"article","og_title":"Soci\u00e9t\u00e9 - fogal refrigeration","og_description":"\u00c7ela fait cinquante ans depuis que Monsieur Alfredo, avec ses fr\u00e8res, a fond\u00e9 l\u2019entreprise Fogal qui \u00e9tait, \u00e0 l\u2019\u00e9poque, une petite soci\u00e9t\u00e9 op\u00e9rante dans le secteur du meuble. N\u00e9s dans un cadre familiale, avec les ann\u00e9es nous avons su acqu\u00e9rir une exp\u00e9rience qui nous a amen\u00e9s \u00e0 g\u00e9rer une entreprise active sur les principaux march\u00e9s [&hellip;]","og_url":"https:\/\/fogalrefrigeration.com\/fr\/societe\/","og_site_name":"fogal refrigeration","article_modified_time":"2018-02-21T13:20:58+00:00","og_image":[{"url":"https:\/\/fogalrefrigeration.com\/wp-content\/uploads\/2018\/01\/FOGAL-1.jpg","type":"","width":"","height":""}],"twitter_card":"summary_large_image","twitter_misc":{"Dur\u00e9e de lecture estim\u00e9e":"2 minutes"},"schema":{"@context":"https:\/\/schema.org","@graph":[{"@type":"WebPage","@id":"https:\/\/fogalrefrigeration.com\/fr\/societe\/","url":"https:\/\/fogalrefrigeration.com\/fr\/societe\/","name":"Soci\u00e9t\u00e9 - fogal refrigeration","isPartOf":{"@id":"https:\/\/fogalrefrigeration.com\/fr\/#website"},"primaryImageOfPage":{"@id":"https:\/\/fogalrefrigeration.com\/fr\/societe\/#primaryimage"},"image":{"@id":"https:\/\/fogalrefrigeration.com\/fr\/societe\/#primaryimage"},"thumbnailUrl":"https:\/\/fogalrefrigeration.com\/wp-content\/uploads\/2018\/01\/FOGAL-1.jpg","datePublished":"2017-09-09T18:07:17+00:00","dateModified":"2018-02-21T13:20:58+00:00","breadcrumb":{"@id":"https:\/\/fogalrefrigeration.com\/fr\/societe\/#breadcrumb"},"inLanguage":"fr-FR","potentialAction":[{"@type":"ReadAction","target":["https:\/\/fogalrefrigeration.com\/fr\/societe\/"]}]},{"@type":"ImageObject","inLanguage":"fr-FR","@id":"https:\/\/fogalrefrigeration.com\/fr\/societe\/#primaryimage","url":"https:\/\/fogalrefrigeration.com\/wp-content\/uploads\/2018\/01\/FOGAL-1.jpg","contentUrl":"https:\/\/fogalrefrigeration.com\/wp-content\/uploads\/2018\/01\/FOGAL-1.jpg"},{"@type":"BreadcrumbList","@id":"https:\/\/fogalrefrigeration.com\/fr\/societe\/#breadcrumb","itemListElement":[{"@type":"ListItem","position":1,"name":"Home","item":"https:\/\/fogalrefrigeration.com\/fr\/"},{"@type":"ListItem","position":2,"name":"Soci\u00e9t\u00e9"}]},{"@type":"WebSite","@id":"https:\/\/fogalrefrigeration.com\/fr\/#website","url":"https:\/\/fogalrefrigeration.com\/fr\/","name":"fogal refrigeration","description":"cool ideas to keep it fresh and warm","potentialAction":[{"@type":"SearchAction","target":{"@type":"EntryPoint","urlTemplate":"https:\/\/fogalrefrigeration.com\/fr\/?s={search_term_string}"},"query-input":{"@type":"PropertyValueSpecification","valueRequired":true,"valueName":"search_term_string"}}],"inLanguage":"fr-FR"}]}},"_links":{"self":[{"href":"https:\/\/fogalrefrigeration.com\/fr\/wp-json\/wp\/v2\/pages\/700","targetHints":{"allow":["GET"]}}],"collection":[{"href":"https:\/\/fogalrefrigeration.com\/fr\/wp-json\/wp\/v2\/pages"}],"about":[{"href":"https:\/\/fogalrefrigeration.com\/fr\/wp-json\/wp\/v2\/types\/page"}],"author":[{"embeddable":true,"href":"https:\/\/fogalrefrigeration.com\/fr\/wp-json\/wp\/v2\/users\/2"}],"replies":[{"embeddable":true,"href":"https:\/\/fogalrefrigeration.com\/fr\/wp-json\/wp\/v2\/comments?post=700"}],"version-history":[{"count":5,"href":"https:\/\/fogalrefrigeration.com\/fr\/wp-json\/wp\/v2\/pages\/700\/revisions"}],"predecessor-version":[{"id":3900,"href":"https:\/\/fogalrefrigeration.com\/fr\/wp-json\/wp\/v2\/pages\/700\/revisions\/3900"}],"wp:attachment":[{"href":"https:\/\/fogalrefrigeration.com\/fr\/wp-json\/wp\/v2\/media?parent=700"}],"curies":[{"name":"wp","href":"https:\/\/api.w.org\/{rel}","templated":true}]}}