{"id":8572,"date":"2022-05-17T11:52:41","date_gmt":"2022-05-17T09:52:41","guid":{"rendered":"https:\/\/fogalrefrigeration.com\/area-distributori\/"},"modified":"2024-03-27T13:00:18","modified_gmt":"2024-03-27T12:00:18","slug":"distributeurs","status":"publish","type":"page","link":"https:\/\/fogalrefrigeration.com\/fr\/distributeurs\/","title":{"rendered":"Distributeurs"},"content":{"rendered":"<p><img loading=\"lazy\" decoding=\"async\" class=\"alignleft wp-image-9761 size-full\" src=\"https:\/\/fogalrefrigeration.com\/wp-content\/uploads\/2024\/03\/europa_2.png\" alt=\"\" width=\"2255\" height=\"2684\" srcset=\"https:\/\/fogalrefrigeration.com\/wp-content\/uploads\/2024\/03\/europa_2.png 2255w, https:\/\/fogalrefrigeration.com\/wp-content\/uploads\/2024\/03\/europa_2-252x300.png 252w, https:\/\/fogalrefrigeration.com\/wp-content\/uploads\/2024\/03\/europa_2-860x1024.png 860w, https:\/\/fogalrefrigeration.com\/wp-content\/uploads\/2024\/03\/europa_2-768x914.png 768w, https:\/\/fogalrefrigeration.com\/wp-content\/uploads\/2024\/03\/europa_2-1290x1536.png 1290w, https:\/\/fogalrefrigeration.com\/wp-content\/uploads\/2024\/03\/europa_2-1721x2048.png 1721w, https:\/\/fogalrefrigeration.com\/wp-content\/uploads\/2024\/03\/europa_2-220x262.png 220w, https:\/\/fogalrefrigeration.com\/wp-content\/uploads\/2024\/03\/europa_2-187x223.png 187w, https:\/\/fogalrefrigeration.com\/wp-content\/uploads\/2024\/03\/europa_2-453x539.png 453w\" sizes=\"auto, (max-width: 2255px) 100vw, 2255px\" \/><\/p>\n<p>&nbsp;<\/p>\n<p>&nbsp;<\/p>\n<p>Depuis plus de 30 ans, nous travaillons dans le secteur B2B, en Europe et dans le monde, \u00e0 travers des accords commerciaux avec des distributeurs, revendeurs et grossistes avec (le cas \u00e9ch\u00e9ant) exclusifs dans la r\u00e9gion.<\/p>\n<p>Nous fabriquons des <em><strong>meubles r\u00e9frig\u00e9r\u00e9s pour l&rsquo;industrie alimentaire<\/strong><\/em>, offrant au march\u00e9 un produit <strong>Made in Italy<\/strong> qui peut \u00eatre personnalis\u00e9 dans les moindres d\u00e9tails. Gr\u00e2ce \u00e0 la vari\u00e9t\u00e9 d&rsquo;accessoires, de rev\u00eatements, de mat\u00e9riaux et de tailles, nous pouvons cr\u00e9er une vitrine sur mesure parfait pour n&rsquo;importe quel contexte d&rsquo;affichage.<\/p>\n<p>Nous travaillons organis\u00e9s par zones g\u00e9ographiques et chacune d&rsquo;elles repr\u00e9sente pour nous un atout fondamental qui nous permet de conna\u00eetre en profondeur les tendances du march\u00e9 et d&rsquo;avoir une vision internationale et globale.<\/p>\n<p>Nous avons toujours investi des ressources et de l&rsquo;attention dans la relation avec nos partenaires commerciaux.<br \/>\nGr\u00e2ce \u00e0 l&rsquo;exp\u00e9rience de ces ann\u00e9es, nous avons cr\u00e9\u00e9 avec nos principaux partenaires des liens solides, durables et bas\u00e9s sur <em><strong>la clart\u00e9, la confiance et les r\u00e9sultats<\/strong><\/em>.<\/p>\n<p>&nbsp;<\/p>\n<p>&nbsp;<\/p>\n<h2><img loading=\"lazy\" decoding=\"async\" class=\"alignleft size-full wp-image-9805\" src=\"https:\/\/fogalrefrigeration.com\/wp-content\/uploads\/2024\/03\/esperienza-360-gradi_f.png\" alt=\"\" width=\"2255\" height=\"313\" srcset=\"https:\/\/fogalrefrigeration.com\/wp-content\/uploads\/2024\/03\/esperienza-360-gradi_f.png 2255w, https:\/\/fogalrefrigeration.com\/wp-content\/uploads\/2024\/03\/esperienza-360-gradi_f-300x42.png 300w, https:\/\/fogalrefrigeration.com\/wp-content\/uploads\/2024\/03\/esperienza-360-gradi_f-1024x142.png 1024w, https:\/\/fogalrefrigeration.com\/wp-content\/uploads\/2024\/03\/esperienza-360-gradi_f-768x107.png 768w, https:\/\/fogalrefrigeration.com\/wp-content\/uploads\/2024\/03\/esperienza-360-gradi_f-1536x213.png 1536w, https:\/\/fogalrefrigeration.com\/wp-content\/uploads\/2024\/03\/esperienza-360-gradi_f-2048x284.png 2048w, https:\/\/fogalrefrigeration.com\/wp-content\/uploads\/2024\/03\/esperienza-360-gradi_f-220x31.png 220w, https:\/\/fogalrefrigeration.com\/wp-content\/uploads\/2024\/03\/esperienza-360-gradi_f-187x26.png 187w, https:\/\/fogalrefrigeration.com\/wp-content\/uploads\/2024\/03\/esperienza-360-gradi_f-453x63.png 453w\" sizes=\"auto, (max-width: 2255px) 100vw, 2255px\" \/><\/h2>\n<h2>&nbsp;<\/h2>\n<p>&nbsp;<\/p>\n<ul>\n<li>Assistance \u00e0 la conception (nous vous aidons \u00e0 choisir la vitrine meilleure pour chaque endroit)<\/li>\n<li>Aide \u00e0 la configuration du produit<\/li>\n<li>Vitrines r\u00e9frig\u00e9r\u00e9es sur mesure pour r\u00e9pondre aux besoins des clients et du march\u00e9<\/li>\n<li>Formation technique pour les vendeurs<\/li>\n<li>Support dans les activit\u00e9s de marketing<\/li>\n<li>Longue experience dans les relations commerciales avec les distributeurs<\/li>\n<li>Disponibilit\u00e9 des dessins et des fiches techniques<\/li>\n<li>Assistance ponctuelle et continue<\/li>\n<li>Assistance technique<\/li>\n<\/ul>\n<p>&nbsp;<\/p>\n<p><a href=\"https:\/\/fogalrefrigeration.com\/fr\/configurateur\/\"><img loading=\"lazy\" decoding=\"async\" class=\"wp-image-9782 size-full aligncenter\" src=\"https:\/\/fogalrefrigeration.com\/wp-content\/uploads\/2024\/03\/logo-configuratore-f.png\" alt=\"\" width=\"720\" height=\"171\" srcset=\"https:\/\/fogalrefrigeration.com\/wp-content\/uploads\/2024\/03\/logo-configuratore-f.png 720w, https:\/\/fogalrefrigeration.com\/wp-content\/uploads\/2024\/03\/logo-configuratore-f-300x71.png 300w, https:\/\/fogalrefrigeration.com\/wp-content\/uploads\/2024\/03\/logo-configuratore-f-220x52.png 220w, https:\/\/fogalrefrigeration.com\/wp-content\/uploads\/2024\/03\/logo-configuratore-f-187x44.png 187w, https:\/\/fogalrefrigeration.com\/wp-content\/uploads\/2024\/03\/logo-configuratore-f-453x108.png 453w\" sizes=\"auto, (max-width: 720px) 100vw, 720px\" \/><\/a><\/p>\n<p>&nbsp;<\/p>\n<p>&nbsp;<\/p>\n<p>&nbsp;<\/p>\n<p>&nbsp;<\/p>\n<p style=\"text-align: center;\"><iframe loading=\"lazy\" title=\"YouTube video player\" src=\"https:\/\/www.youtube-nocookie.com\/embed\/yQ5SAcDkeCI\" width=\"560\" height=\"315\" frameborder=\"0\" allowfullscreen=\"allowfullscreen\"><\/iframe><\/p>\n<p>&nbsp;<\/p>\n<p style=\"text-align: center;\"><a href=\"mailto:marketing@fogalrefrigeration.com\"><img loading=\"lazy\" decoding=\"async\" class=\"aligncenter size-thumbnail wp-image-8473\" src=\"https:\/\/fogalrefrigeration.com\/wp-content\/uploads\/2022\/06\/icona-scrivici-150x150.png\" alt=\"\" width=\"150\" height=\"150\" srcset=\"https:\/\/fogalrefrigeration.com\/wp-content\/uploads\/2022\/06\/icona-scrivici-150x150.png 150w, https:\/\/fogalrefrigeration.com\/wp-content\/uploads\/2022\/06\/icona-scrivici-220x220.png 220w, https:\/\/fogalrefrigeration.com\/wp-content\/uploads\/2022\/06\/icona-scrivici-75x75.png 75w, https:\/\/fogalrefrigeration.com\/wp-content\/uploads\/2022\/06\/icona-scrivici-187x187.png 187w, https:\/\/fogalrefrigeration.com\/wp-content\/uploads\/2022\/06\/icona-scrivici-184x184.png 184w, https:\/\/fogalrefrigeration.com\/wp-content\/uploads\/2022\/06\/icona-scrivici.png 300w\" sizes=\"auto, (max-width: 150px) 100vw, 150px\" \/><\/a><a href=\"mailto:marketing@fogalrefrigeration.com\"><b>\u00c9crivez-nous \u00e0 marketing@fogalrefrigeration.com<\/b><\/a><\/p>\n<p>&nbsp;<\/p>\n","protected":false},"excerpt":{"rendered":"<p>&nbsp; &nbsp; Depuis plus de 30 ans, nous travaillons dans le secteur B2B, en Europe et dans le monde, \u00e0 travers des accords commerciaux avec des distributeurs, revendeurs et grossistes avec (le cas \u00e9ch\u00e9ant) exclusifs dans la r\u00e9gion. Nous fabriquons des meubles r\u00e9frig\u00e9r\u00e9s pour l&rsquo;industrie alimentaire, offrant au march\u00e9 un produit Made in Italy qui [&hellip;]<\/p>\n","protected":false},"author":2,"featured_media":0,"parent":0,"menu_order":0,"comment_status":"closed","ping_status":"closed","template":"page-full.php","meta":{"ngg_post_thumbnail":0,"footnotes":""},"class_list":["post-8572","page","type-page","status-publish","hentry"],"yoast_head":"<!-- This site is optimized with the Yoast SEO plugin v27.3 - https:\/\/yoast.com\/product\/yoast-seo-wordpress\/ -->\n<title>Distributeurs - fogal refrigeration<\/title>\n<meta name=\"robots\" content=\"index, follow, max-snippet:-1, max-image-preview:large, max-video-preview:-1\" \/>\n<link rel=\"canonical\" href=\"https:\/\/fogalrefrigeration.com\/fr\/distributeurs\/\" \/>\n<meta property=\"og:locale\" content=\"fr_FR\" \/>\n<meta property=\"og:type\" content=\"article\" \/>\n<meta property=\"og:title\" content=\"Distributeurs - fogal refrigeration\" \/>\n<meta property=\"og:description\" content=\"&nbsp; &nbsp; Depuis plus de 30 ans, nous travaillons dans le secteur B2B, en Europe et dans le monde, \u00e0 travers des accords commerciaux avec des distributeurs, revendeurs et grossistes avec (le cas \u00e9ch\u00e9ant) exclusifs dans la r\u00e9gion. Nous fabriquons des meubles r\u00e9frig\u00e9r\u00e9s pour l&rsquo;industrie alimentaire, offrant au march\u00e9 un produit Made in Italy qui [&hellip;]\" \/>\n<meta property=\"og:url\" content=\"https:\/\/fogalrefrigeration.com\/fr\/distributeurs\/\" \/>\n<meta property=\"og:site_name\" content=\"fogal refrigeration\" \/>\n<meta property=\"article:modified_time\" content=\"2024-03-27T12:00:18+00:00\" \/>\n<meta property=\"og:image\" content=\"https:\/\/fogalrefrigeration.com\/wp-content\/uploads\/2024\/03\/europa_2.png\" \/>\n<meta name=\"twitter:card\" content=\"summary_large_image\" \/>\n<meta name=\"twitter:label1\" content=\"Dur\u00e9e de lecture estim\u00e9e\" \/>\n\t<meta name=\"twitter:data1\" content=\"3 minutes\" \/>\n<script type=\"application\/ld+json\" class=\"yoast-schema-graph\">{\"@context\":\"https:\\\/\\\/schema.org\",\"@graph\":[{\"@type\":\"WebPage\",\"@id\":\"https:\\\/\\\/fogalrefrigeration.com\\\/fr\\\/distributeurs\\\/\",\"url\":\"https:\\\/\\\/fogalrefrigeration.com\\\/fr\\\/distributeurs\\\/\",\"name\":\"Distributeurs - fogal refrigeration\",\"isPartOf\":{\"@id\":\"https:\\\/\\\/fogalrefrigeration.com\\\/fr\\\/#website\"},\"primaryImageOfPage\":{\"@id\":\"https:\\\/\\\/fogalrefrigeration.com\\\/fr\\\/distributeurs\\\/#primaryimage\"},\"image\":{\"@id\":\"https:\\\/\\\/fogalrefrigeration.com\\\/fr\\\/distributeurs\\\/#primaryimage\"},\"thumbnailUrl\":\"https:\\\/\\\/fogalrefrigeration.com\\\/wp-content\\\/uploads\\\/2024\\\/03\\\/europa_2.png\",\"datePublished\":\"2022-05-17T09:52:41+00:00\",\"dateModified\":\"2024-03-27T12:00:18+00:00\",\"breadcrumb\":{\"@id\":\"https:\\\/\\\/fogalrefrigeration.com\\\/fr\\\/distributeurs\\\/#breadcrumb\"},\"inLanguage\":\"fr-FR\",\"potentialAction\":[{\"@type\":\"ReadAction\",\"target\":[\"https:\\\/\\\/fogalrefrigeration.com\\\/fr\\\/distributeurs\\\/\"]}]},{\"@type\":\"ImageObject\",\"inLanguage\":\"fr-FR\",\"@id\":\"https:\\\/\\\/fogalrefrigeration.com\\\/fr\\\/distributeurs\\\/#primaryimage\",\"url\":\"https:\\\/\\\/fogalrefrigeration.com\\\/wp-content\\\/uploads\\\/2024\\\/03\\\/europa_2.png\",\"contentUrl\":\"https:\\\/\\\/fogalrefrigeration.com\\\/wp-content\\\/uploads\\\/2024\\\/03\\\/europa_2.png\"},{\"@type\":\"BreadcrumbList\",\"@id\":\"https:\\\/\\\/fogalrefrigeration.com\\\/fr\\\/distributeurs\\\/#breadcrumb\",\"itemListElement\":[{\"@type\":\"ListItem\",\"position\":1,\"name\":\"Home\",\"item\":\"https:\\\/\\\/fogalrefrigeration.com\\\/fr\\\/\"},{\"@type\":\"ListItem\",\"position\":2,\"name\":\"Distributeurs\"}]},{\"@type\":\"WebSite\",\"@id\":\"https:\\\/\\\/fogalrefrigeration.com\\\/fr\\\/#website\",\"url\":\"https:\\\/\\\/fogalrefrigeration.com\\\/fr\\\/\",\"name\":\"fogal refrigeration\",\"description\":\"cool ideas to keep it fresh and warm\",\"potentialAction\":[{\"@type\":\"SearchAction\",\"target\":{\"@type\":\"EntryPoint\",\"urlTemplate\":\"https:\\\/\\\/fogalrefrigeration.com\\\/fr\\\/?s={search_term_string}\"},\"query-input\":{\"@type\":\"PropertyValueSpecification\",\"valueRequired\":true,\"valueName\":\"search_term_string\"}}],\"inLanguage\":\"fr-FR\"}]}<\/script>\n<!-- \/ Yoast SEO plugin. -->","yoast_head_json":{"title":"Distributeurs - fogal refrigeration","robots":{"index":"index","follow":"follow","max-snippet":"max-snippet:-1","max-image-preview":"max-image-preview:large","max-video-preview":"max-video-preview:-1"},"canonical":"https:\/\/fogalrefrigeration.com\/fr\/distributeurs\/","og_locale":"fr_FR","og_type":"article","og_title":"Distributeurs - fogal refrigeration","og_description":"&nbsp; &nbsp; Depuis plus de 30 ans, nous travaillons dans le secteur B2B, en Europe et dans le monde, \u00e0 travers des accords commerciaux avec des distributeurs, revendeurs et grossistes avec (le cas \u00e9ch\u00e9ant) exclusifs dans la r\u00e9gion. Nous fabriquons des meubles r\u00e9frig\u00e9r\u00e9s pour l&rsquo;industrie alimentaire, offrant au march\u00e9 un produit Made in Italy qui [&hellip;]","og_url":"https:\/\/fogalrefrigeration.com\/fr\/distributeurs\/","og_site_name":"fogal refrigeration","article_modified_time":"2024-03-27T12:00:18+00:00","og_image":[{"url":"https:\/\/fogalrefrigeration.com\/wp-content\/uploads\/2024\/03\/europa_2.png","type":"","width":"","height":""}],"twitter_card":"summary_large_image","twitter_misc":{"Dur\u00e9e de lecture estim\u00e9e":"3 minutes"},"schema":{"@context":"https:\/\/schema.org","@graph":[{"@type":"WebPage","@id":"https:\/\/fogalrefrigeration.com\/fr\/distributeurs\/","url":"https:\/\/fogalrefrigeration.com\/fr\/distributeurs\/","name":"Distributeurs - fogal refrigeration","isPartOf":{"@id":"https:\/\/fogalrefrigeration.com\/fr\/#website"},"primaryImageOfPage":{"@id":"https:\/\/fogalrefrigeration.com\/fr\/distributeurs\/#primaryimage"},"image":{"@id":"https:\/\/fogalrefrigeration.com\/fr\/distributeurs\/#primaryimage"},"thumbnailUrl":"https:\/\/fogalrefrigeration.com\/wp-content\/uploads\/2024\/03\/europa_2.png","datePublished":"2022-05-17T09:52:41+00:00","dateModified":"2024-03-27T12:00:18+00:00","breadcrumb":{"@id":"https:\/\/fogalrefrigeration.com\/fr\/distributeurs\/#breadcrumb"},"inLanguage":"fr-FR","potentialAction":[{"@type":"ReadAction","target":["https:\/\/fogalrefrigeration.com\/fr\/distributeurs\/"]}]},{"@type":"ImageObject","inLanguage":"fr-FR","@id":"https:\/\/fogalrefrigeration.com\/fr\/distributeurs\/#primaryimage","url":"https:\/\/fogalrefrigeration.com\/wp-content\/uploads\/2024\/03\/europa_2.png","contentUrl":"https:\/\/fogalrefrigeration.com\/wp-content\/uploads\/2024\/03\/europa_2.png"},{"@type":"BreadcrumbList","@id":"https:\/\/fogalrefrigeration.com\/fr\/distributeurs\/#breadcrumb","itemListElement":[{"@type":"ListItem","position":1,"name":"Home","item":"https:\/\/fogalrefrigeration.com\/fr\/"},{"@type":"ListItem","position":2,"name":"Distributeurs"}]},{"@type":"WebSite","@id":"https:\/\/fogalrefrigeration.com\/fr\/#website","url":"https:\/\/fogalrefrigeration.com\/fr\/","name":"fogal refrigeration","description":"cool ideas to keep it fresh and warm","potentialAction":[{"@type":"SearchAction","target":{"@type":"EntryPoint","urlTemplate":"https:\/\/fogalrefrigeration.com\/fr\/?s={search_term_string}"},"query-input":{"@type":"PropertyValueSpecification","valueRequired":true,"valueName":"search_term_string"}}],"inLanguage":"fr-FR"}]}},"_links":{"self":[{"href":"https:\/\/fogalrefrigeration.com\/fr\/wp-json\/wp\/v2\/pages\/8572","targetHints":{"allow":["GET"]}}],"collection":[{"href":"https:\/\/fogalrefrigeration.com\/fr\/wp-json\/wp\/v2\/pages"}],"about":[{"href":"https:\/\/fogalrefrigeration.com\/fr\/wp-json\/wp\/v2\/types\/page"}],"author":[{"embeddable":true,"href":"https:\/\/fogalrefrigeration.com\/fr\/wp-json\/wp\/v2\/users\/2"}],"replies":[{"embeddable":true,"href":"https:\/\/fogalrefrigeration.com\/fr\/wp-json\/wp\/v2\/comments?post=8572"}],"version-history":[{"count":9,"href":"https:\/\/fogalrefrigeration.com\/fr\/wp-json\/wp\/v2\/pages\/8572\/revisions"}],"predecessor-version":[{"id":9810,"href":"https:\/\/fogalrefrigeration.com\/fr\/wp-json\/wp\/v2\/pages\/8572\/revisions\/9810"}],"wp:attachment":[{"href":"https:\/\/fogalrefrigeration.com\/fr\/wp-json\/wp\/v2\/media?parent=8572"}],"curies":[{"name":"wp","href":"https:\/\/api.w.org\/{rel}","templated":true}]}}