{"id":9773,"date":"2024-03-27T12:09:35","date_gmt":"2024-03-27T11:09:35","guid":{"rendered":"https:\/\/fogalrefrigeration.com\/?page_id=9773"},"modified":"2024-03-27T12:26:10","modified_gmt":"2024-03-27T11:26:10","slug":"configurateur","status":"publish","type":"page","link":"https:\/\/fogalrefrigeration.com\/fr\/configurateur\/","title":{"rendered":"configurateur"},"content":{"rendered":"<p><video poster=\"https:\/\/fogalrefrigeration.com\/wp-content\/uploads\/2024\/02\/cover.png\" controls=\"controls\" width=\"720\" height=\"360\"><span data-mce-type=\"bookmark\" style=\"display: inline-block; width: 0px; overflow: hidden; line-height: 0;\" class=\"mce_SELRES_start\">\ufeff<\/span><source src=\"https:\/\/fogalrefrigeration.com\/wp-content\/uploads\/2024\/02\/video_configuratore.mp4\" type=\"video\/mp4\"><\/video><\/p>\n<p>&nbsp;<\/p>\n<p><span style=\"font-size: 18pt;\"><strong>PERSONNALISATION<\/strong><\/span><\/p>\n<p>Acc\u00e9dez \u00e0 notre configurateur et personnalisez votre vitrine en choisissant caract\u00e9ristiques, couleurs et options.<\/p>\n<p>Vous pouvez y voir tous les produits de notre gamme, les personnaliser selon vos besoins et t\u00e9l\u00e9charger une image de haute qualit\u00e9 en quelques minutes.<\/p>\n<p>Des dimensions aux couleurs, des rev\u00eatements aux options, notre configurateur vous donne tous les outils n\u00e9cessaires pour personnaliser au maximum vos produits. Choisissez les caract\u00e9ristiques et r\u00e9alisez votre projet : vous recevrez en temps r\u00e9el un devis d\u00e9taill\u00e9 et complet, sous r\u00e9serve des accords commerciaux avec Fogal. Vous pourrez \u00e9galement personnaliser le devis avec votre logo et l&rsquo;envoyer imm\u00e9diatement \u00e0 votre client.<\/p>\n<p>&nbsp;<\/p>\n<h2><strong>UNE EXP\u00c9RIENCE RAPIDE ET INTUITIVE<\/strong><\/h2>\n<p>En quelques clics, vous pouvez cr\u00e9er la vitrine parfaite et voir exactement ce dont vous avez besoin pour votre lieu<\/p>\n<p>Notre plateforme est con\u00e7ue pour \u00eatre intuitive et tr\u00e8s facile \u00e0 utiliser. Il suffit de quelques clics pour naviguer parmi les options disponibles et voir en temps r\u00e9el comment chaque changement affecte le design final.<\/p>\n<p>&nbsp;<\/p>\n<p>Veuillez nous contacter \u00e0 <a href=\"mailto:marketing@fogalrefrigeration.com\">marketing@fogalrefrigeration.com<\/a> pour commencer \u00e0 explorer notre configurateur !<\/p>\n<p>&nbsp;<\/p>\n<p><img loading=\"lazy\" decoding=\"async\" class=\"aligncenter size-full wp-image-9717\" src=\"https:\/\/fogalrefrigeration.com\/wp-content\/uploads\/2024\/02\/schermata_configuratore_web.jpg\" alt=\"\" width=\"1024\" height=\"681\" srcset=\"https:\/\/fogalrefrigeration.com\/wp-content\/uploads\/2024\/02\/schermata_configuratore_web.jpg 1024w, https:\/\/fogalrefrigeration.com\/wp-content\/uploads\/2024\/02\/schermata_configuratore_web-300x200.jpg 300w, https:\/\/fogalrefrigeration.com\/wp-content\/uploads\/2024\/02\/schermata_configuratore_web-768x511.jpg 768w, https:\/\/fogalrefrigeration.com\/wp-content\/uploads\/2024\/02\/schermata_configuratore_web-220x146.jpg 220w, https:\/\/fogalrefrigeration.com\/wp-content\/uploads\/2024\/02\/schermata_configuratore_web-187x124.jpg 187w, https:\/\/fogalrefrigeration.com\/wp-content\/uploads\/2024\/02\/schermata_configuratore_web-453x301.jpg 453w, https:\/\/fogalrefrigeration.com\/wp-content\/uploads\/2024\/02\/schermata_configuratore_web-140x94.jpg 140w\" sizes=\"auto, (max-width: 1024px) 100vw, 1024px\" \/><\/p>\n","protected":false},"excerpt":{"rendered":"<p>\ufeff &nbsp; PERSONNALISATION Acc\u00e9dez \u00e0 notre configurateur et personnalisez votre vitrine en choisissant caract\u00e9ristiques, couleurs et options. Vous pouvez y voir tous les produits de notre gamme, les personnaliser selon vos besoins et t\u00e9l\u00e9charger une image de haute qualit\u00e9 en quelques minutes. Des dimensions aux couleurs, des rev\u00eatements aux options, notre configurateur vous donne tous [&hellip;]<\/p>\n","protected":false},"author":1,"featured_media":0,"parent":0,"menu_order":0,"comment_status":"closed","ping_status":"closed","template":"page-full.php","meta":{"ngg_post_thumbnail":0,"footnotes":""},"class_list":["post-9773","page","type-page","status-publish","hentry"],"yoast_head":"<!-- This site is optimized with the Yoast SEO plugin v27.3 - https:\/\/yoast.com\/product\/yoast-seo-wordpress\/ -->\n<title>configurateur - fogal refrigeration<\/title>\n<meta name=\"robots\" content=\"index, follow, max-snippet:-1, max-image-preview:large, max-video-preview:-1\" \/>\n<link rel=\"canonical\" href=\"https:\/\/fogalrefrigeration.com\/fr\/configurateur\/\" \/>\n<meta property=\"og:locale\" content=\"fr_FR\" \/>\n<meta property=\"og:type\" content=\"article\" \/>\n<meta property=\"og:title\" content=\"configurateur - fogal refrigeration\" \/>\n<meta property=\"og:description\" content=\"\ufeff &nbsp; PERSONNALISATION Acc\u00e9dez \u00e0 notre configurateur et personnalisez votre vitrine en choisissant caract\u00e9ristiques, couleurs et options. Vous pouvez y voir tous les produits de notre gamme, les personnaliser selon vos besoins et t\u00e9l\u00e9charger une image de haute qualit\u00e9 en quelques minutes. Des dimensions aux couleurs, des rev\u00eatements aux options, notre configurateur vous donne tous [&hellip;]\" \/>\n<meta property=\"og:url\" content=\"https:\/\/fogalrefrigeration.com\/fr\/configurateur\/\" \/>\n<meta property=\"og:site_name\" content=\"fogal refrigeration\" \/>\n<meta property=\"article:modified_time\" content=\"2024-03-27T11:26:10+00:00\" \/>\n<meta property=\"og:image\" content=\"https:\/\/fogalrefrigeration.com\/wp-content\/uploads\/2024\/02\/schermata_configuratore_web.jpg\" \/>\n<meta name=\"twitter:card\" content=\"summary_large_image\" \/>\n<meta name=\"twitter:label1\" content=\"Dur\u00e9e de lecture estim\u00e9e\" \/>\n\t<meta name=\"twitter:data1\" content=\"2 minutes\" \/>\n<script type=\"application\/ld+json\" class=\"yoast-schema-graph\">{\"@context\":\"https:\\\/\\\/schema.org\",\"@graph\":[{\"@type\":\"WebPage\",\"@id\":\"https:\\\/\\\/fogalrefrigeration.com\\\/fr\\\/configurateur\\\/\",\"url\":\"https:\\\/\\\/fogalrefrigeration.com\\\/fr\\\/configurateur\\\/\",\"name\":\"configurateur - fogal refrigeration\",\"isPartOf\":{\"@id\":\"https:\\\/\\\/fogalrefrigeration.com\\\/fr\\\/#website\"},\"primaryImageOfPage\":{\"@id\":\"https:\\\/\\\/fogalrefrigeration.com\\\/fr\\\/configurateur\\\/#primaryimage\"},\"image\":{\"@id\":\"https:\\\/\\\/fogalrefrigeration.com\\\/fr\\\/configurateur\\\/#primaryimage\"},\"thumbnailUrl\":\"https:\\\/\\\/fogalrefrigeration.com\\\/wp-content\\\/uploads\\\/2024\\\/02\\\/schermata_configuratore_web.jpg\",\"datePublished\":\"2024-03-27T11:09:35+00:00\",\"dateModified\":\"2024-03-27T11:26:10+00:00\",\"breadcrumb\":{\"@id\":\"https:\\\/\\\/fogalrefrigeration.com\\\/fr\\\/configurateur\\\/#breadcrumb\"},\"inLanguage\":\"fr-FR\",\"potentialAction\":[{\"@type\":\"ReadAction\",\"target\":[\"https:\\\/\\\/fogalrefrigeration.com\\\/fr\\\/configurateur\\\/\"]}]},{\"@type\":\"ImageObject\",\"inLanguage\":\"fr-FR\",\"@id\":\"https:\\\/\\\/fogalrefrigeration.com\\\/fr\\\/configurateur\\\/#primaryimage\",\"url\":\"https:\\\/\\\/fogalrefrigeration.com\\\/wp-content\\\/uploads\\\/2024\\\/02\\\/schermata_configuratore_web.jpg\",\"contentUrl\":\"https:\\\/\\\/fogalrefrigeration.com\\\/wp-content\\\/uploads\\\/2024\\\/02\\\/schermata_configuratore_web.jpg\"},{\"@type\":\"BreadcrumbList\",\"@id\":\"https:\\\/\\\/fogalrefrigeration.com\\\/fr\\\/configurateur\\\/#breadcrumb\",\"itemListElement\":[{\"@type\":\"ListItem\",\"position\":1,\"name\":\"Home\",\"item\":\"https:\\\/\\\/fogalrefrigeration.com\\\/fr\\\/\"},{\"@type\":\"ListItem\",\"position\":2,\"name\":\"configurateur\"}]},{\"@type\":\"WebSite\",\"@id\":\"https:\\\/\\\/fogalrefrigeration.com\\\/fr\\\/#website\",\"url\":\"https:\\\/\\\/fogalrefrigeration.com\\\/fr\\\/\",\"name\":\"fogal refrigeration\",\"description\":\"cool ideas to keep it fresh and warm\",\"potentialAction\":[{\"@type\":\"SearchAction\",\"target\":{\"@type\":\"EntryPoint\",\"urlTemplate\":\"https:\\\/\\\/fogalrefrigeration.com\\\/fr\\\/?s={search_term_string}\"},\"query-input\":{\"@type\":\"PropertyValueSpecification\",\"valueRequired\":true,\"valueName\":\"search_term_string\"}}],\"inLanguage\":\"fr-FR\"}]}<\/script>\n<!-- \/ Yoast SEO plugin. -->","yoast_head_json":{"title":"configurateur - fogal refrigeration","robots":{"index":"index","follow":"follow","max-snippet":"max-snippet:-1","max-image-preview":"max-image-preview:large","max-video-preview":"max-video-preview:-1"},"canonical":"https:\/\/fogalrefrigeration.com\/fr\/configurateur\/","og_locale":"fr_FR","og_type":"article","og_title":"configurateur - fogal refrigeration","og_description":"\ufeff &nbsp; PERSONNALISATION Acc\u00e9dez \u00e0 notre configurateur et personnalisez votre vitrine en choisissant caract\u00e9ristiques, couleurs et options. Vous pouvez y voir tous les produits de notre gamme, les personnaliser selon vos besoins et t\u00e9l\u00e9charger une image de haute qualit\u00e9 en quelques minutes. Des dimensions aux couleurs, des rev\u00eatements aux options, notre configurateur vous donne tous [&hellip;]","og_url":"https:\/\/fogalrefrigeration.com\/fr\/configurateur\/","og_site_name":"fogal refrigeration","article_modified_time":"2024-03-27T11:26:10+00:00","og_image":[{"url":"https:\/\/fogalrefrigeration.com\/wp-content\/uploads\/2024\/02\/schermata_configuratore_web.jpg","type":"","width":"","height":""}],"twitter_card":"summary_large_image","twitter_misc":{"Dur\u00e9e de lecture estim\u00e9e":"2 minutes"},"schema":{"@context":"https:\/\/schema.org","@graph":[{"@type":"WebPage","@id":"https:\/\/fogalrefrigeration.com\/fr\/configurateur\/","url":"https:\/\/fogalrefrigeration.com\/fr\/configurateur\/","name":"configurateur - fogal refrigeration","isPartOf":{"@id":"https:\/\/fogalrefrigeration.com\/fr\/#website"},"primaryImageOfPage":{"@id":"https:\/\/fogalrefrigeration.com\/fr\/configurateur\/#primaryimage"},"image":{"@id":"https:\/\/fogalrefrigeration.com\/fr\/configurateur\/#primaryimage"},"thumbnailUrl":"https:\/\/fogalrefrigeration.com\/wp-content\/uploads\/2024\/02\/schermata_configuratore_web.jpg","datePublished":"2024-03-27T11:09:35+00:00","dateModified":"2024-03-27T11:26:10+00:00","breadcrumb":{"@id":"https:\/\/fogalrefrigeration.com\/fr\/configurateur\/#breadcrumb"},"inLanguage":"fr-FR","potentialAction":[{"@type":"ReadAction","target":["https:\/\/fogalrefrigeration.com\/fr\/configurateur\/"]}]},{"@type":"ImageObject","inLanguage":"fr-FR","@id":"https:\/\/fogalrefrigeration.com\/fr\/configurateur\/#primaryimage","url":"https:\/\/fogalrefrigeration.com\/wp-content\/uploads\/2024\/02\/schermata_configuratore_web.jpg","contentUrl":"https:\/\/fogalrefrigeration.com\/wp-content\/uploads\/2024\/02\/schermata_configuratore_web.jpg"},{"@type":"BreadcrumbList","@id":"https:\/\/fogalrefrigeration.com\/fr\/configurateur\/#breadcrumb","itemListElement":[{"@type":"ListItem","position":1,"name":"Home","item":"https:\/\/fogalrefrigeration.com\/fr\/"},{"@type":"ListItem","position":2,"name":"configurateur"}]},{"@type":"WebSite","@id":"https:\/\/fogalrefrigeration.com\/fr\/#website","url":"https:\/\/fogalrefrigeration.com\/fr\/","name":"fogal refrigeration","description":"cool ideas to keep it fresh and warm","potentialAction":[{"@type":"SearchAction","target":{"@type":"EntryPoint","urlTemplate":"https:\/\/fogalrefrigeration.com\/fr\/?s={search_term_string}"},"query-input":{"@type":"PropertyValueSpecification","valueRequired":true,"valueName":"search_term_string"}}],"inLanguage":"fr-FR"}]}},"_links":{"self":[{"href":"https:\/\/fogalrefrigeration.com\/fr\/wp-json\/wp\/v2\/pages\/9773","targetHints":{"allow":["GET"]}}],"collection":[{"href":"https:\/\/fogalrefrigeration.com\/fr\/wp-json\/wp\/v2\/pages"}],"about":[{"href":"https:\/\/fogalrefrigeration.com\/fr\/wp-json\/wp\/v2\/types\/page"}],"author":[{"embeddable":true,"href":"https:\/\/fogalrefrigeration.com\/fr\/wp-json\/wp\/v2\/users\/1"}],"replies":[{"embeddable":true,"href":"https:\/\/fogalrefrigeration.com\/fr\/wp-json\/wp\/v2\/comments?post=9773"}],"version-history":[{"count":6,"href":"https:\/\/fogalrefrigeration.com\/fr\/wp-json\/wp\/v2\/pages\/9773\/revisions"}],"predecessor-version":[{"id":9780,"href":"https:\/\/fogalrefrigeration.com\/fr\/wp-json\/wp\/v2\/pages\/9773\/revisions\/9780"}],"wp:attachment":[{"href":"https:\/\/fogalrefrigeration.com\/fr\/wp-json\/wp\/v2\/media?parent=9773"}],"curies":[{"name":"wp","href":"https:\/\/api.w.org\/{rel}","templated":true}]}}