{"id":9293,"date":"2023-07-14T11:45:12","date_gmt":"2023-07-14T09:45:12","guid":{"rendered":"https:\/\/fogalrefrigeration.com\/?page_id=9293"},"modified":"2024-10-30T13:52:49","modified_gmt":"2024-10-30T12:52:49","slug":"termini-e-condizioni","status":"publish","type":"page","link":"https:\/\/fogalrefrigeration.com\/it\/termini-e-condizioni\/","title":{"rendered":"Termini e Condizioni generali d\u2019uso del sito"},"content":{"rendered":"<h2>&#x26a0;&#xfe0f; Attenzione<\/h2>\n<p>Noi siamo FOGAL refrigeration srl e <a href=\"https:\/\/fogalrefrigeration.com\/\">https:\/\/fogalrefrigeration.com\/<\/a> \u00e8 il nostro sito: benvenuta\/o!<\/p>\n<p>Queste sono le regole per l\u2019utilizzo del sito: leggi con attenzione!<\/p>\n<p>Accedendo a questo sito, accetti i termini e le condizioni che seguono. Se non sei d\u2019accordo con tutti i termini e le condizioni in questa pagina, non continuare a usare <a href=\"https:\/\/fogalrefrigeration.com\/\">https:\/\/fogalrefrigeration.com\/<\/a><\/p>\n<p>Se continui, tra noi si conclude un contratto vincolante.<\/p>\n<h2>&#x1f4cb; Modifica delle Condizioni e dei Termini di Utilizzo<\/h2>\n<p>Ci riserviamo il diritto di modificare o semplicemente aggiornare, in tutto o in parte, questi termini e condizioni generali d\u2019uso in qualsiasi momento.<\/p>\n<p>\u00c8 responsabilit\u00e0 dell\u2019utente consultare regolarmente la versione pi\u00f9 recente delle condizioni generali d\u2019uso.<\/p>\n<p>Le modifiche e gli aggiornamenti delle condizioni generali d\u2019uso saranno vincolanti non appena pubblicati sul sito web in questa stessa sezione.<\/p>\n<h2>&#x203c;&#xfe0f; Utilizzo del sito e responsabilit\u00e0 dell\u2019utente<\/h2>\n<p>L\u2019utente \u00e8 personalmente responsabile per l\u2019uso del sito e dei relativi contenuti.<\/p>\n<p>L\u2019utente \u00e8 responsabile della custodia e del corretto utilizzo delle proprie informazioni personali, comprese le credenziali che consentono di accedere ai servizi riservati, nonch\u00e9 di ogni conseguenza dannosa o pregiudizio che dovesse derivare a carico nostro e\/o di terzi a seguito del non corretto utilizzo, dello smarrimento, della sottrazione di tali informazioni.<\/p>\n<h2>&#x1f511; Account personale<\/h2>\n<p>L\u2019utente avr\u00e0 la possibilit\u00e0 di registrarsi sul sito per usufruire dei servizi. A tal fine l\u2019utente avr\u00e0 a disposizione un\u2019area riservata del sito denominata \u201clogin\u201d.<\/p>\n<p>Registrandosi al sito, l\u2019utente dovr\u00e0 fornire le proprie generalit\u00e0, un indirizzo mail e una password di accesso. I dati di accesso sono strettamente personali e confidenziali.<\/p>\n<p>L\u2019utente \u00e8 l\u2019unico responsabile dell\u2019utilizzo del suo account e dei dati di accesso che lo riguardano e si impegna a fare tutto il possibile per mantenere segreti i suoi dati di accesso e a non divulgarli.<\/p>\n<p>Saremo liberi di inibire l\u2019accesso di un utente alla propria area riservata e\/o di interrompere l\u2019operativit\u00e0 dell\u2019id o della password dello stesso, qualora ritenessimo che sia intervenuta una sostanziale violazione delle presenti condizioni generali d\u2019uso e qualora l\u2019utente compia un uso illecito o scorretto dei servizi del sito.<\/p>\n<h2>&#x1f4a1; Propriet\u00e0 intellettuale<\/h2>\n<p>Salvo diversa specificazione, deteniamo i diritti di propriet\u00e0 intellettuale per tutto il materiale pubblicato sul sito.<\/p>\n<p>Tutti i diritti di propriet\u00e0 intellettuale sono riservati e sono protetti dalla legislazione nazionale e internazionale in materia di propriet\u00e0 intellettuale.<\/p>\n<p>\u00c8 vietata la riproduzione, in tutto o in parte, in qualsiasi forma, del sito e dei suoi contenuti, salva nostra preventiva autorizzazione scritta.<\/p>\n<p>L\u2019utente \u00e8 autorizzato unicamente a visualizzare il sito e i suoi contenuti fruendo dei relativi servizi disponibili.<\/p>\n<h2>&#x1f933; Social media policy<\/h2>\n<p>Nella nostra attivit\u00e0, utilizziamo alcuni social media e servizi di messaggistica istantanea.<\/p>\n<p>Attraverso i nostri profili sui social media e servizi di messaggistica istantanea, possiamo condividere e rilanciare contenuti e messaggi, anche pubblicati da terzi.<\/p>\n<p>Eventuali commenti sotto i nostri post e i post degli utenti che ci menzionano rappresentano l\u2019opinione dei singoli e non la nostra, che non possiamo essere ritenuti responsabili di ci\u00f2 che viene pubblicato da terzi.<\/p>\n<p>Amicizie date o ricevute, commenti e\/o \u201clike\u201d non implicano che condividiamo la linea di pensiero degli utenti interessati o l\u2019approvazione di tutti i contenuti pubblicati dagli stessi.<\/p>\n<p>Gli utenti che interagiscono con i nostri canali social devono rispettare alcune semplici ma importanti regole:<\/p>\n<p>\u261b&nbsp;&nbsp;&nbsp; esporre la propria opinione con educazione, correttezza, rispetto e utilizzando un linguaggio appropriato. Non sono tollerati insulti, volgarit\u00e0, offese, minacce e, in generale, atteggiamenti e comportamenti violenti o diffamatori. Resta inteso che ognuno \u00e8 responsabile, anche legalmente, dei contenuti che pubblica e delle opinioni che esprime<\/p>\n<p>\u261b&nbsp;&nbsp;&nbsp; i contenuti e i commenti devono essere pertinenti rispetto alla nostra attivit\u00e0 (on topic)<\/p>\n<p>\u261b&nbsp;&nbsp;&nbsp; chi presenta dati, notizie o opinioni su fatti o tematiche specifiche deve proporre argomentazioni fondate e non pretestuose e citare fonti attendibili e verificabili<\/p>\n<p>\u261b&nbsp;&nbsp;&nbsp; i contenuti pubblicati devono rispettare sempre la sfera di riservatezza delle persone. Vanno in ogni caso evitati riferimenti a fatti o a dettagli privi di rilevanza pubblica e che ledano la sfera personale di terzi<\/p>\n<p>\u261b&nbsp;&nbsp;&nbsp; non \u00e8 ammessa alcuna forma di pubblicit\u00e0, spam o promozione di interessi privati o di attivit\u00e0 lecite o illegali<\/p>\n<p>\u261b&nbsp;&nbsp;&nbsp; non sono ammessi contenuti che violino il diritto d\u2019autore n\u00e9 l\u2019utilizzo non autorizzato di marchi registrati.<\/p>\n<p>In ogni caso, ove possibile, saranno rimossi i commenti o i materiali audio\/video che:<\/p>\n<p>\u261b&nbsp;&nbsp;&nbsp; utilizzano un linguaggio inappropriato e\/o un tono minaccioso, violento, volgare o offensivo<\/p>\n<p>\u261b&nbsp;&nbsp;&nbsp; presentano contenuti illeciti o di incitamento a compiere attivit\u00e0 illecite<\/p>\n<p>\u261b&nbsp;&nbsp;&nbsp; hanno finalit\u00e0 di promozione di prodotti e servizi<\/p>\n<p>\u261b&nbsp;&nbsp;&nbsp; divulgano direttamente o indirettamente dati e informazioni personali o che in qualunque modo possono cagionare danni o ledere la sfera di riservatezza o la reputazione degli interessati<\/p>\n<p>\u261b&nbsp;&nbsp;&nbsp; riportano, direttamente o indirettamente, informazioni riferite a minori<\/p>\n<p>\u261b&nbsp;&nbsp;&nbsp; hanno un contenuto discriminatorio per genere, razza, etnia, lingua, credo religioso, opinioni politiche, orientamento sessuale, et\u00e0, condizioni personali e sociali, salute<\/p>\n<p>\u261b&nbsp;&nbsp;&nbsp; hanno finalit\u00e0 di spam<\/p>\n<p>\u261b&nbsp;&nbsp;&nbsp; promuovono o sostengono attivit\u00e0 lecite o illegali, che violano il copyright o che utilizzano in modo improprio un marchio registrato<\/p>\n<p>\u261b&nbsp;&nbsp;&nbsp; in generale risultano non coerenti con la nostra attivit\u00e0 e con i contenuti comunicativi dei nostri profili social (off topic).<\/p>\n<p>In caso di violazione di queste regole, ci riserviamo il diritto di usare il ban o blocco e, nei casi pi\u00f9 gravi, di segnalare l\u2019utente ai responsabili della piattaforma ed eventualmente alle autorit\u00e0 preposte.<\/p>\n<h2>&#x1f510; Privacy<\/h2>\n<p>Trattiamo i dati personali degli utenti del sito nel rispetto del GDPR, come specificamente indicato nella nostra <a href=\"https:\/\/fogalrefrigeration.com\/it\/informativa-privacy\/\"><strong><u>Informativa privacy<\/u><\/strong><\/a>.<\/p>\n<h2>&#x1f468;&#x200d;&#x2696;&#xfe0f; Limitazioni di responsabilit\u00e0 di FOGAL refrigeration srl<\/h2>\n<p>Curiamo e manteniamo con la massima diligenza il sito e i suoi contenuti; non ci assumiamo alcuna responsabilit\u00e0 per la correttezza, la completezza e la tempestivit\u00e0 dei dati e delle informazioni fornite sul sito. Deve per ci\u00f2 escludersi ogni responsabilit\u00e0 per errori od omissioni derivanti dall\u2019uso dei dati e delle informazioni sul sito.<\/p>\n<p>Decliniamo ogni responsabilit\u00e0, inclusa la presenza di errori, la correzione degli errori, la responsabilit\u00e0 del server ospitante il sito; non siamo responsabile dell\u2019uso delle informazioni contenute, della loro correttezza e affidabilit\u00e0.<\/p>\n<p>In nessun caso, inclusa la negligenza, saremo responsabili di ogni danno diretto o indiretto che possa risultare dall\u2019uso o dall\u2019incapacit\u00e0 di usare i materiali presenti nel sito.<\/p>\n<p>Non potremo essere ritenuti responsabili dei danni conseguenti alla mancata prestazione del servizio a causa dell\u2019errato o mancato funzionamento dei mezzi elettronici di comunicazione per cause estranee alla sfera del proprio prevedibile controllo.<\/p>\n<p>Come ad es.: malfunzionamento dei server e altri dispositivi elettronici anche non facenti parte integrante della rete internet; malfunzionamento dei software installati; virus informatici. L\u2019utente s\u2019impegna dunque a tenere indenne e manlevare il titolare da qualsiasi responsabilit\u00e0 e\/o richiesta al riguardo.<\/p>\n<h2>&#x2696;&#xfe0f; Legge applicabile<\/h2>\n<p>Questo contratto e i conseguenti rapporti sono disciplinati dalla legge Italiana.<\/p>\n<h2>&#x1f4e7; Contatti<\/h2>\n<p>Per comunicare con noi usa questi recapiti:<\/p>\n<p>&#x1f4e7; <a href=\"mailto:fogal@fogalrefrigeration.com\">fogal@fogalrefrigeration.com<\/a> &nbsp;<\/p>\n<p>&#x260e;&#xfe0f; +390481 777450<\/p>\n<p>&#x1f4ec; Via via Tambarin, 1 &#8211; 34077 Ronchi dei Legionari (GO) ITALY<\/p>\n<h2>#&#xfe0f; Versioni<\/h2>\n<p>Queste condizioni sono state redatte in data 24\/05\/2023<\/p>\n<p>Ultimo aggiornamento: 24\/05\/2023<\/p>\n<h2>&#x270f;&#xfe0f; Note<\/h2>\n<p>Fatto dal Titolare con &#x1f3af;<strong> StudioFLEX \u2013 avvocati del lavoro <\/strong>(&#x1f310; <a href=\"http:\/\/www.studioflex.it\">www.studioflex.it<\/a>, &#x1f4e7; <a href=\"mailto:gdpr@studioflex.it\">gdpr@studioflex.it<\/a>)<\/p>\n","protected":false},"excerpt":{"rendered":"<p>&#x26a0;&#xfe0f; Attenzione Noi siamo FOGAL refrigeration srl e https:\/\/fogalrefrigeration.com\/ \u00e8 il nostro sito: benvenuta\/o! Queste sono le regole per l\u2019utilizzo del sito: leggi con attenzione! Accedendo a questo sito, accetti i termini e le condizioni che seguono. Se non sei d\u2019accordo con tutti i termini e le condizioni in questa pagina, non continuare a usare [&hellip;]<\/p>\n","protected":false},"author":1,"featured_media":0,"parent":0,"menu_order":0,"comment_status":"closed","ping_status":"closed","template":"page-full.php","meta":{"ngg_post_thumbnail":0,"footnotes":""},"class_list":["post-9293","page","type-page","status-publish","hentry"],"yoast_head":"<!-- This site is optimized with the Yoast SEO plugin v27.3 - https:\/\/yoast.com\/product\/yoast-seo-wordpress\/ -->\n<title>Termini e Condizioni generali d\u2019uso del sito - fogal refrigeration<\/title>\n<meta name=\"robots\" content=\"index, follow, max-snippet:-1, max-image-preview:large, max-video-preview:-1\" \/>\n<link rel=\"canonical\" href=\"https:\/\/fogalrefrigeration.com\/it\/termini-e-condizioni\/\" \/>\n<meta property=\"og:locale\" content=\"it_IT\" \/>\n<meta property=\"og:type\" content=\"article\" \/>\n<meta property=\"og:title\" content=\"Termini e Condizioni generali d\u2019uso del sito - fogal refrigeration\" \/>\n<meta property=\"og:description\" content=\"&#x26a0;&#xfe0f; Attenzione Noi siamo FOGAL refrigeration srl e https:\/\/fogalrefrigeration.com\/ \u00e8 il nostro sito: benvenuta\/o! Queste sono le regole per l\u2019utilizzo del sito: leggi con attenzione! Accedendo a questo sito, accetti i termini e le condizioni che seguono. Se non sei d\u2019accordo con tutti i termini e le condizioni in questa pagina, non continuare a usare [&hellip;]\" \/>\n<meta property=\"og:url\" content=\"https:\/\/fogalrefrigeration.com\/it\/termini-e-condizioni\/\" \/>\n<meta property=\"og:site_name\" content=\"fogal refrigeration\" \/>\n<meta property=\"article:modified_time\" content=\"2024-10-30T12:52:49+00:00\" \/>\n<meta name=\"twitter:card\" content=\"summary_large_image\" \/>\n<meta name=\"twitter:label1\" content=\"Tempo di lettura stimato\" \/>\n\t<meta name=\"twitter:data1\" content=\"7 minutes\" \/>\n<script type=\"application\/ld+json\" class=\"yoast-schema-graph\">{\"@context\":\"https:\\\/\\\/schema.org\",\"@graph\":[{\"@type\":\"WebPage\",\"@id\":\"https:\\\/\\\/fogalrefrigeration.com\\\/it\\\/termini-e-condizioni\\\/\",\"url\":\"https:\\\/\\\/fogalrefrigeration.com\\\/it\\\/termini-e-condizioni\\\/\",\"name\":\"Termini e Condizioni generali d\u2019uso del sito - fogal refrigeration\",\"isPartOf\":{\"@id\":\"https:\\\/\\\/fogalrefrigeration.com\\\/it\\\/#website\"},\"datePublished\":\"2023-07-14T09:45:12+00:00\",\"dateModified\":\"2024-10-30T12:52:49+00:00\",\"breadcrumb\":{\"@id\":\"https:\\\/\\\/fogalrefrigeration.com\\\/it\\\/termini-e-condizioni\\\/#breadcrumb\"},\"inLanguage\":\"it-IT\",\"potentialAction\":[{\"@type\":\"ReadAction\",\"target\":[\"https:\\\/\\\/fogalrefrigeration.com\\\/it\\\/termini-e-condizioni\\\/\"]}]},{\"@type\":\"BreadcrumbList\",\"@id\":\"https:\\\/\\\/fogalrefrigeration.com\\\/it\\\/termini-e-condizioni\\\/#breadcrumb\",\"itemListElement\":[{\"@type\":\"ListItem\",\"position\":1,\"name\":\"Home\",\"item\":\"https:\\\/\\\/fogalrefrigeration.com\\\/it\\\/\"},{\"@type\":\"ListItem\",\"position\":2,\"name\":\"Termini e Condizioni generali d\u2019uso del sito\"}]},{\"@type\":\"WebSite\",\"@id\":\"https:\\\/\\\/fogalrefrigeration.com\\\/it\\\/#website\",\"url\":\"https:\\\/\\\/fogalrefrigeration.com\\\/it\\\/\",\"name\":\"fogal refrigeration\",\"description\":\"cool ideas to keep it fresh and warm\",\"potentialAction\":[{\"@type\":\"SearchAction\",\"target\":{\"@type\":\"EntryPoint\",\"urlTemplate\":\"https:\\\/\\\/fogalrefrigeration.com\\\/it\\\/?s={search_term_string}\"},\"query-input\":{\"@type\":\"PropertyValueSpecification\",\"valueRequired\":true,\"valueName\":\"search_term_string\"}}],\"inLanguage\":\"it-IT\"}]}<\/script>\n<!-- \/ Yoast SEO plugin. -->","yoast_head_json":{"title":"Termini e Condizioni generali d\u2019uso del sito - fogal refrigeration","robots":{"index":"index","follow":"follow","max-snippet":"max-snippet:-1","max-image-preview":"max-image-preview:large","max-video-preview":"max-video-preview:-1"},"canonical":"https:\/\/fogalrefrigeration.com\/it\/termini-e-condizioni\/","og_locale":"it_IT","og_type":"article","og_title":"Termini e Condizioni generali d\u2019uso del sito - fogal refrigeration","og_description":"&#x26a0;&#xfe0f; Attenzione Noi siamo FOGAL refrigeration srl e https:\/\/fogalrefrigeration.com\/ \u00e8 il nostro sito: benvenuta\/o! Queste sono le regole per l\u2019utilizzo del sito: leggi con attenzione! Accedendo a questo sito, accetti i termini e le condizioni che seguono. Se non sei d\u2019accordo con tutti i termini e le condizioni in questa pagina, non continuare a usare [&hellip;]","og_url":"https:\/\/fogalrefrigeration.com\/it\/termini-e-condizioni\/","og_site_name":"fogal refrigeration","article_modified_time":"2024-10-30T12:52:49+00:00","twitter_card":"summary_large_image","twitter_misc":{"Tempo di lettura stimato":"7 minutes"},"schema":{"@context":"https:\/\/schema.org","@graph":[{"@type":"WebPage","@id":"https:\/\/fogalrefrigeration.com\/it\/termini-e-condizioni\/","url":"https:\/\/fogalrefrigeration.com\/it\/termini-e-condizioni\/","name":"Termini e Condizioni generali d\u2019uso del sito - fogal refrigeration","isPartOf":{"@id":"https:\/\/fogalrefrigeration.com\/it\/#website"},"datePublished":"2023-07-14T09:45:12+00:00","dateModified":"2024-10-30T12:52:49+00:00","breadcrumb":{"@id":"https:\/\/fogalrefrigeration.com\/it\/termini-e-condizioni\/#breadcrumb"},"inLanguage":"it-IT","potentialAction":[{"@type":"ReadAction","target":["https:\/\/fogalrefrigeration.com\/it\/termini-e-condizioni\/"]}]},{"@type":"BreadcrumbList","@id":"https:\/\/fogalrefrigeration.com\/it\/termini-e-condizioni\/#breadcrumb","itemListElement":[{"@type":"ListItem","position":1,"name":"Home","item":"https:\/\/fogalrefrigeration.com\/it\/"},{"@type":"ListItem","position":2,"name":"Termini e Condizioni generali d\u2019uso del sito"}]},{"@type":"WebSite","@id":"https:\/\/fogalrefrigeration.com\/it\/#website","url":"https:\/\/fogalrefrigeration.com\/it\/","name":"fogal refrigeration","description":"cool ideas to keep it fresh and warm","potentialAction":[{"@type":"SearchAction","target":{"@type":"EntryPoint","urlTemplate":"https:\/\/fogalrefrigeration.com\/it\/?s={search_term_string}"},"query-input":{"@type":"PropertyValueSpecification","valueRequired":true,"valueName":"search_term_string"}}],"inLanguage":"it-IT"}]}},"_links":{"self":[{"href":"https:\/\/fogalrefrigeration.com\/it\/wp-json\/wp\/v2\/pages\/9293","targetHints":{"allow":["GET"]}}],"collection":[{"href":"https:\/\/fogalrefrigeration.com\/it\/wp-json\/wp\/v2\/pages"}],"about":[{"href":"https:\/\/fogalrefrigeration.com\/it\/wp-json\/wp\/v2\/types\/page"}],"author":[{"embeddable":true,"href":"https:\/\/fogalrefrigeration.com\/it\/wp-json\/wp\/v2\/users\/1"}],"replies":[{"embeddable":true,"href":"https:\/\/fogalrefrigeration.com\/it\/wp-json\/wp\/v2\/comments?post=9293"}],"version-history":[{"count":5,"href":"https:\/\/fogalrefrigeration.com\/it\/wp-json\/wp\/v2\/pages\/9293\/revisions"}],"predecessor-version":[{"id":10135,"href":"https:\/\/fogalrefrigeration.com\/it\/wp-json\/wp\/v2\/pages\/9293\/revisions\/10135"}],"wp:attachment":[{"href":"https:\/\/fogalrefrigeration.com\/it\/wp-json\/wp\/v2\/media?parent=9293"}],"curies":[{"name":"wp","href":"https:\/\/api.w.org\/{rel}","templated":true}]}}